{"id":644,"date":"2015-10-11T19:58:40","date_gmt":"2015-10-11T16:58:40","guid":{"rendered":"http:\/\/studiobaila.cz\/price-2\/"},"modified":"2025-12-15T16:42:43","modified_gmt":"2025-12-15T13:42:43","slug":"price","status":"publish","type":"page","link":"https:\/\/studiobaila.cz\/cs\/price\/","title":{"rendered":"Ceny"},"content":{"rendered":"[mk_page_section full_width=&#8221;true&#8221; padding_top=&#8221;0&#8243; padding_bottom=&#8221;0&#8243; first_page=&#8221;false&#8221; last_page=&#8221;false&#8221; sidebar=&#8221;sidebar-event&#8221;][vc_column][mk_page_title_box page_title=&#8221;CENY&#8221; bg_image=&#8221;https:\/\/studiobaila.cz\/wp-content\/uploads\/2015\/10\/Coins.jpg&#8221; bg_position=&#8221;center center&#8221; overlay=&#8221;rgba(0,0,0,0.75)&#8221; bg_effects=&#8221;gradient&#8221; font_size=&#8221;34&#8243; title_force_font_size=&#8221;true&#8221; title_size_smallscreen=&#8221;34&#8243; title_size_tablet=&#8221;28&#8243; title_size_phone=&#8221;24&#8243; title_letter_spacing=&#8221;5&#8243; font_color=&#8221;#ffffff&#8221; sub_font_size=&#8221;28&#8243; subtitle_force_font_size=&#8221;true&#8221; subtitle_size_smallscreen=&#8221;28&#8243; subtitle_size_tablet=&#8221;24&#8243; subtitle_size_phone=&#8221;20&#8243; sub_font_color=&#8221;#ffffff&#8221;][mk_divider style=&#8221;thin_solid&#8221; margin_top=&#8221;0&#8243; margin_bottom=&#8221;0&#8243;][\/vc_column][\/mk_page_section][vc_row padding=&#8221;0&#8243;][vc_column css=&#8221;.vc_custom_1444684532746{margin-top: 50px !important;margin-bottom: 50px !important;}&#8221;][mk_fancy_title size=&#8221;36&#8243; font_family=&#8221;none&#8221; align=&#8221;center&#8221; el_class=&#8221;fancy-title&#8221;]Prvn\u00ed lekce[\/mk_fancy_title][mk_pricing_table style=&#8221;monocolor&#8221; table_number=&#8221;2&#8243; order=&#8221;ASC&#8221; tables=&#8221;1473, 1474, 2624&#8243;][\/mk_pricing_table][mk_divider style=&#8221;shadow_line&#8221; margin_top=&#8221;30&#8243; margin_bottom=&#8221;40&#8243;][mk_fancy_title size=&#8221;36&#8243; font_family=&#8221;none&#8221; align=&#8221;center&#8221; el_class=&#8221;fancy-title&#8221;]P\u0159edplatn\u00e9[\/mk_fancy_title][mk_pricing_table style=&#8221;monocolor&#8221; table_number=&#8221;3&#8243; order=&#8221;ASC&#8221; orderby=&#8221;post__in&#8221; tables=&#8221;2727, 2738, 2794&#8243;][\/mk_pricing_table][mk_divider style=&#8221;padding_space&#8221;][mk_pricing_table style=&#8221;monocolor&#8221; table_number=&#8221;2&#8243; order=&#8221;ASC&#8221; orderby=&#8221;post__in&#8221; tables=&#8221;2801, 2808&#8243;][\/mk_pricing_table][mk_divider style=&#8221;padding_space&#8221;][mk_pricing_table style=&#8221;monocolor&#8221; table_number=&#8221;2&#8243; order=&#8221;ASC&#8221; orderby=&#8221;post__in&#8221; tables=&#8221;2813, 6958&#8243;][\/mk_pricing_table][mk_divider style=&#8221;shadow_line&#8221; margin_top=&#8221;30&#8243; margin_bottom=&#8221;40&#8243;][mk_fancy_title size=&#8221;36&#8243; font_family=&#8221;none&#8221; align=&#8221;center&#8221; el_class=&#8221;fancy-title&#8221;]Soukrom\u00e1 lekce[\/mk_fancy_title][mk_pricing_table style=&#8221;monocolor&#8221; table_number=&#8221;3&#8243; order=&#8221;ASC&#8221; orderby=&#8221;post__in&#8221; tables=&#8221;2759, 2776, 2772&#8243;][\/mk_pricing_table][mk_divider style=&#8221;shadow_line&#8221; margin_top=&#8221;30&#8243; margin_bottom=&#8221;40&#8243;][mk_fancy_title size=&#8221;36&#8243; font_family=&#8221;none&#8221; align=&#8221;center&#8221; el_class=&#8221;fancy-title&#8221;]Soukrom\u00e1 lekce P\u0159edplatn\u00e9[\/mk_fancy_title][mk_pricing_table style=&#8221;monocolor&#8221; order=&#8221;ASC&#8221; orderby=&#8221;post__in&#8221; tables=&#8221;2853, 2926, 2932, 2936&#8243;][\/mk_pricing_table][mk_divider style=&#8221;shadow_line&#8221; margin_top=&#8221;30&#8243; margin_bottom=&#8221;40&#8243;][mk_fancy_title size=&#8221;36&#8243; font_family=&#8221;none&#8221; align=&#8221;center&#8221; el_class=&#8221;fancy-title&#8221;]Svatebn\u00ed tanec[\/mk_fancy_title][mk_pricing_table style=&#8221;monocolor&#8221; table_number=&#8221;1&#8243; order=&#8221;ASC&#8221; orderby=&#8221;post__in&#8221; tables=&#8221;2943&#8243;][\/mk_pricing_table][\/vc_column][\/vc_row][vc_row padding=&#8221;0&#8243;][vc_column css=&#8221;.vc_custom_1444684771682{margin-top: 50px !important;margin-bottom: 50px !important;}&#8221;][mk_divider style=&#8221;thick_solid&#8221;][mk_fancy_title color=&#8221;#393836&#8243; size=&#8221;28&#8243; margin_bottom=&#8221;18&#8243; font_family=&#8221;none&#8221; align=&#8221;center&#8221; el_class=&#8221;fancy-title&#8221;]<a href=\"https:\/\/studiobaila.cz\/cs\/terms-conditions\/\">Podm\u00ednky a pravidla<\/a>[\/mk_fancy_title][vc_column_text]\n<div style=\"display: none;\">\n<div role=\"form\" class=\"wpcf7\" id=\"wpcf7-f808-o1\" lang=\"cs-CZ\" dir=\"ltr\">\n<div class=\"screen-reader-response\"><p role=\"status\" aria-live=\"polite\" aria-atomic=\"true\"><\/p> <ul><\/ul><\/div>\n<form action=\"\/cs\/wp-json\/wp\/v2\/pages\/644#wpcf7-f808-o1\" method=\"post\" class=\"wpcf7-form init\" novalidate=\"novalidate\" data-status=\"init\">\n<div style=\"display: none;\">\n<input type=\"hidden\" name=\"_wpcf7\" value=\"808\" \/>\n<input type=\"hidden\" name=\"_wpcf7_version\" value=\"5.3\" \/>\n<input type=\"hidden\" name=\"_wpcf7_locale\" value=\"cs_CZ\" \/>\n<input type=\"hidden\" name=\"_wpcf7_unit_tag\" value=\"wpcf7-f808-o1\" \/>\n<input type=\"hidden\" name=\"_wpcf7_container_post\" value=\"0\" \/>\n<input type=\"hidden\" name=\"_wpcf7_posted_data_hash\" value=\"\" \/>\n<input type=\"hidden\" name=\"_wpcf7_recaptcha_response\" value=\"\" \/>\n<\/div>\n<div class=\"mk-contact-form-wrapper mk-shortcode contact-dark outline-style\">\n<div class=\"mk-contact-form mk-contact-form-fw\">\n<div class=\"mk-form-row\">\n        <span class=\"wpcf7-form-control-wrap your-name\"><input type=\"text\" name=\"your-name\" value=\"\" size=\"40\" class=\"wpcf7-form-control wpcf7-text wpcf7-validates-as-required text-input\" aria-required=\"true\" aria-invalid=\"false\" placeholder=\"Va\u0161e jm\u00e9no\" \/><\/span><br \/>\n        <span class=\"wpcf7-form-control-wrap your-email\"><input type=\"email\" name=\"your-email\" value=\"\" size=\"40\" class=\"wpcf7-form-control wpcf7-text wpcf7-email wpcf7-validates-as-required wpcf7-validates-as-email text-input\" aria-required=\"true\" aria-invalid=\"false\" placeholder=\"Va\u0161 email\" \/><\/span><br \/>\n        <span class=\"wpcf7-form-control-wrap your-phone\"><input type=\"text\" name=\"your-phone\" value=\"\" size=\"40\" class=\"wpcf7-form-control wpcf7-text wpcf7-validates-as-required text-input\" aria-required=\"true\" aria-invalid=\"false\" placeholder=\"Va\u0161 telefon\" \/><\/span>\n    <\/div>\n<div class=\"mk-form-row\">\n        <span class=\"wpcf7-form-control-wrap your-message\"><textarea name=\"your-message\" cols=\"40\" rows=\"4\" class=\"wpcf7-form-control wpcf7-textarea mk-textarea mk-textarea-small\" aria-invalid=\"false\" placeholder=\"zvolen\u00e1 lekce\"><\/textarea><\/span>\n    <\/div>\n<div class=\"mk-form-row\">\n        <input type=\"submit\" value=\"Odeslat\" class=\"wpcf7-form-control wpcf7-submit contact-outline-submit outline-btn-dark\" \/>\n    <\/div>\n<input type=\"hidden\" name=\"post_title\" value=\"post_title\" class=\"wpcf7-form-control wpcf7-hidden\" \/>\n<\/div>\n<\/div>\n<div class=\"wpcf7-response-output\" aria-hidden=\"true\"><\/div><\/form><\/div>\n<\/div>\n[\/vc_column_text][vc_column_text]\n<p style=\"text-align: center;\">PRAVIDLA PRO VYU\u017d\u00cdV\u00c1N\u00cd P\u0158EDPLATN\u00c9HO STUDIA BAILA:<\/p>\n<ol>\n<li style=\"text-align: justify;\">P\u0159edplatn\u00e9 tane\u010dn\u00edho studia BAILA d\u00e1v\u00e1 \u00fa\u010dastn\u00edkovi pr\u00e1vo vyu\u017e\u00edvat placen\u00e9 slu\u017eby po dobu jeho platnosti.<\/li>\n<li style=\"text-align: justify;\">Doba platnosti p\u0159edplatn\u00e9ho se stanov\u00ed od okam\u017eiku jeho aktivace a plat\u00ed b\u011bhem p\u0159\u00edslu\u0161n\u00e9ho po\u010dtu lekc\u00ed (po sob\u011b n\u00e1sleduj\u00edc\u00edch) v souladu s uhrazen\u00fdm p\u0159edplatn\u00fdm. P\u0159edplatn\u00e9 je platn\u00e9 po dobu stanovenou po\u010dtem lekc\u00ed nebo po ur\u010dit\u00e9 \u010dasov\u00e9 obdob\u00ed.<\/li>\n<li style=\"text-align: justify;\">P\u0159edplatn\u00e9 m\u016f\u017ee vyu\u017e\u00edvat pouze jedna osoba a je nep\u0159enosn\u00e9.<\/li>\n<li style=\"text-align: justify;\">Je mo\u017en\u00e9 obnovit a\u017e t\u0159i vynechan\u00e9 lekce b\u011bhem platnosti p\u0159edplatn\u00e9ho ZA PODM\u00cdNKY, \u017ee upozorn\u00edte pedagoga a vedouc\u00edho studia o sv\u00e9 nep\u0159\u00edtomnosti p\u0159edem. Prodlou\u017eit p\u0159edplatn\u00e9 na toto obdob\u00ed nen\u00ed mo\u017en\u00e9, av\u0161ak lze p\u0159en\u00e9st 3 lekce na n\u00e1v\u0161t\u011bvu jin\u00e9 skupiny. V takov\u00e9m p\u0159\u00edpad\u011b nab\u00eddne vedouc\u00ed studia p\u0159edplatiteli skupiny na v\u00fdb\u011br. Nav\u0161t\u00edvit takov\u00e9 lekce je t\u0159eba p\u0159ed skon\u010den\u00edm platnosti p\u0159edplatn\u00e9ho, jinak lekce propadaj\u00ed.<\/li>\n<li style=\"text-align: justify;\">V p\u0159\u00edpad\u011b pl\u00e1novan\u00e9 dovolen\u00e9 se Va\u0161e p\u0159edplatn\u00e9 pozastavuje (nejd\u00e9le na 2 t\u00fddny), av\u0161ak pouze v p\u0159\u00edpad\u011b, \u017ee jste na to upozornil(a) vyu\u010duj\u00edc\u00edho nejpozd\u011bji 2 t\u00fddny p\u0159ed pl\u00e1novanou dovolenou.<\/li>\n<li style=\"text-align: justify;\">Cena zaplacen\u00e9ho p\u0159edplatn\u00e9ho se nevrac\u00ed. Cena slu\u017eeb v r\u00e1mci p\u0159edplatn\u00e9ho se nevrac\u00ed a je ned\u00edln\u00e1. Vr\u00e1cen\u00ed pen\u011b\u017en\u00edch prost\u0159edk\u016f za nevyu\u017eit\u00e9 p\u0159edplatn\u00e9 nebo vynechan\u00e9 lekce nen\u00ed mo\u017en\u00e9.<\/li>\n<li style=\"text-align: justify;\">V\u00fdm\u011bna ji\u017e uhrazen\u00e9ho tane\u010dn\u00edho sm\u011bru za jin\u00fd sm\u011br \u010di jinou dobu lekc\u00ed je mo\u017en\u00e1 za podm\u00ednky dodate\u010dn\u00e9ho souhlasu vyu\u010duj\u00edc\u00edho a vedouc\u00edho.<\/li>\n<li style=\"text-align: justify;\">Pro zm\u011bnu lekce z v\u00e1\u017en\u00e9ho d\u016fvodu je p\u0159edplatitel povinen p\u0159edem informovat vyu\u010duj\u00edc\u00edho\/vedouc\u00edho studia o vynech\u00e1n\u00ed lekce a up\u0159esnit jeho p\u0159\u00ed\u010dinu. Pokud by vedouc\u00ed studia nebyl p\u0159edem upozorn\u011bn na nep\u0159\u00edtomnost \u00fa\u010dastn\u00edka, bude lekce pova\u017eov\u00e1na za nevyu\u017eitou a NEP\u0158EN\u00c1\u0160\u00cd SE.<\/li>\n<li style=\"text-align: justify;\">\u00dahrada slu\u017eeb Studiu znamen\u00e1 souhlas \u00fa\u010dastn\u00edka se v\u0161emi pravidly Studia a zavazuje ho k jejich pln\u011bn\u00ed.<\/li>\n<li style=\"text-align: justify;\">Studio m\u016f\u017ee zm\u011bnit rozvrh a m\u011bnit choreografa, pokud p\u016fvodn\u00ed choreograf z jak\u00e9hokoliv d\u016fvodu (dovolen\u00e1, nemoc, odchod ze Studia apod.) nem\u016f\u017ee v\u00e9st lekce. P\u0159i zm\u011bn\u011b choreografa se pen\u00edze Klientovi za lekci nebo p\u0159edplatn\u00e9 Studia nevracej\u00ed.<\/li>\n<li style=\"text-align: justify;\">P\u0159ed po\u010d\u00e1tkem ka\u017ed\u00e9 lekce je Klient povinen p\u0159edlo\u017eit doklad o p\u0159edplatn\u00e9m pracovn\u00edkovi Studia k registraci a po skon\u010den\u00ed pobytu ve Studiu si ho vyzvednout. P\u0159\u00edstup na lekci je mo\u017en\u00fd v\u00fdhradn\u011b s p\u0159edplatn\u00fdm nebo s platbou za jednu (jednor\u00e1zovou) lekci. V p\u0159\u00edpad\u011b ztr\u00e1ty dokladu o p\u0159edplatn\u00e9m m\u00e1 Klient pr\u00e1vo na jeho duplik\u00e1t (s takovou ot\u00e1zkou je t\u0159eba se obr\u00e1tit na recep\u010dn\u00ed Studia).<\/li>\n<\/ol>\n[\/vc_column_text][\/vc_column][\/vc_row][vc_row][vc_column][mk_divider style=&#8221;single_dotted&#8221;][vc_column_text][\/vc_column_text][\/vc_column][\/vc_row][vc_row][vc_column][vc_column_text]\n<div class=\"fancybox-hidden\" style=\"display: none;\">\n<div id=\"make_an_order\" class=\"hentry\" style=\"width: 460px; max-width: 100%;\">[\/vc_column_text][\/vc_column][\/vc_row][vc_row][vc_column]<div role=\"form\" class=\"wpcf7\" id=\"wpcf7-f808-o2\" lang=\"cs-CZ\" dir=\"ltr\">\n<div class=\"screen-reader-response\"><p role=\"status\" aria-live=\"polite\" aria-atomic=\"true\"><\/p> <ul><\/ul><\/div>\n<form action=\"\/cs\/wp-json\/wp\/v2\/pages\/644#wpcf7-f808-o2\" method=\"post\" class=\"wpcf7-form init\" novalidate=\"novalidate\" data-status=\"init\">\n<div style=\"display: none;\">\n<input type=\"hidden\" name=\"_wpcf7\" value=\"808\" \/>\n<input type=\"hidden\" name=\"_wpcf7_version\" value=\"5.3\" \/>\n<input type=\"hidden\" name=\"_wpcf7_locale\" value=\"cs_CZ\" \/>\n<input type=\"hidden\" name=\"_wpcf7_unit_tag\" value=\"wpcf7-f808-o2\" \/>\n<input type=\"hidden\" name=\"_wpcf7_container_post\" value=\"0\" \/>\n<input type=\"hidden\" name=\"_wpcf7_posted_data_hash\" value=\"\" \/>\n<input type=\"hidden\" name=\"_wpcf7_recaptcha_response\" value=\"\" \/>\n<\/div>\n<div class=\"mk-contact-form-wrapper mk-shortcode contact-dark outline-style\">\n<div class=\"mk-contact-form mk-contact-form-fw\">\n<div class=\"mk-form-row\">\n        <span class=\"wpcf7-form-control-wrap your-name\"><input type=\"text\" name=\"your-name\" value=\"\" size=\"40\" class=\"wpcf7-form-control wpcf7-text wpcf7-validates-as-required text-input\" aria-required=\"true\" aria-invalid=\"false\" placeholder=\"Va\u0161e jm\u00e9no\" \/><\/span><br \/>\n        <span class=\"wpcf7-form-control-wrap your-email\"><input type=\"email\" name=\"your-email\" value=\"\" size=\"40\" class=\"wpcf7-form-control wpcf7-text wpcf7-email wpcf7-validates-as-required wpcf7-validates-as-email text-input\" aria-required=\"true\" aria-invalid=\"false\" placeholder=\"Va\u0161 email\" \/><\/span><br \/>\n        <span class=\"wpcf7-form-control-wrap your-phone\"><input type=\"text\" name=\"your-phone\" value=\"\" size=\"40\" class=\"wpcf7-form-control wpcf7-text wpcf7-validates-as-required text-input\" aria-required=\"true\" aria-invalid=\"false\" placeholder=\"Va\u0161 telefon\" \/><\/span>\n    <\/div>\n<div class=\"mk-form-row\">\n        <span class=\"wpcf7-form-control-wrap your-message\"><textarea name=\"your-message\" cols=\"40\" rows=\"4\" class=\"wpcf7-form-control wpcf7-textarea mk-textarea mk-textarea-small\" aria-invalid=\"false\" placeholder=\"zvolen\u00e1 lekce\"><\/textarea><\/span>\n    <\/div>\n<div class=\"mk-form-row\">\n        <input type=\"submit\" value=\"Odeslat\" class=\"wpcf7-form-control wpcf7-submit contact-outline-submit outline-btn-dark\" \/>\n    <\/div>\n<input type=\"hidden\" name=\"post_title\" value=\"post_title\" class=\"wpcf7-form-control wpcf7-hidden\" \/>\n<\/div>\n<\/div>\n<div class=\"wpcf7-response-output\" aria-hidden=\"true\"><\/div><\/form><\/div>[\/vc_column][\/vc_row][vc_row][vc_column][vc_column_text]<\/div>\n<\/div>\n[\/vc_column_text][\/vc_column][\/vc_row]\n","protected":false},"excerpt":{"rendered":"<p>[mk_page_section full_width=&#8221;true&#8221; padding_top=&#8221;0&#8243; padding_bottom=&#8221;0&#8243; first_page=&#8221;false&#8221; last_page=&#8221;false&#8221; sidebar=&#8221;sidebar-event&#8221;][vc_column][mk_page_title_box page_title=&#8221;CENY&#8221; bg_image=&#8221;https:\/\/studiobaila.cz\/wp-content\/uploads\/2015\/10\/Coins.jpg&#8221; bg_position=&#8221;center center&#8221; overlay=&#8221;rgba(0,0,0,0.75)&#8221; bg_effects=&#8221;gradient&#8221; font_size=&#8221;34&#8243; title_force_font_size=&#8221;true&#8221; title_size_smallscreen=&#8221;34&#8243; title_size_tablet=&#8221;28&#8243; title_size_phone=&#8221;24&#8243; title_letter_spacing=&#8221;5&#8243; font_color=&#8221;#ffffff&#8221; sub_font_size=&#8221;28&#8243; subtitle_force_font_size=&#8221;true&#8221; subtitle_size_smallscreen=&#8221;28&#8243; subtitle_size_tablet=&#8221;24&#8243; subtitle_size_phone=&#8221;20&#8243; sub_font_color=&#8221;#ffffff&#8221;][mk_divider style=&#8221;thin_solid&#8221; margin_top=&#8221;0&#8243; margin_bottom=&#8221;0&#8243;][\/vc_column][\/mk_page_section][vc_row padding=&#8221;0&#8243;][vc_column css=&#8221;.vc_custom_1444684532746{margin-top: 50px !important;margin-bottom: 50px !important;}&#8221;][mk_fancy_title size=&#8221;36&#8243; font_family=&#8221;none&#8221; align=&#8221;center&#8221; el_class=&#8221;fancy-title&#8221;]Prvn\u00ed lekce[\/mk_fancy_title][mk_pricing_table style=&#8221;monocolor&#8221; table_number=&#8221;2&#8243; order=&#8221;ASC&#8221; tables=&#8221;1473, 1474, 2624&#8243;][\/mk_pricing_table][mk_divider style=&#8221;shadow_line&#8221; margin_top=&#8221;30&#8243; margin_bottom=&#8221;40&#8243;][mk_fancy_title size=&#8221;36&#8243; font_family=&#8221;none&#8221; align=&#8221;center&#8221; el_class=&#8221;fancy-title&#8221;]P\u0159edplatn\u00e9[\/mk_fancy_title][mk_pricing_table style=&#8221;monocolor&#8221; table_number=&#8221;3&#8243; [&hellip;]<\/p>\n","protected":false},"author":1,"featured_media":0,"parent":0,"menu_order":1,"comment_status":"closed","ping_status":"closed","template":"","meta":[],"_links":{"self":[{"href":"https:\/\/studiobaila.cz\/cs\/wp-json\/wp\/v2\/pages\/644"}],"collection":[{"href":"https:\/\/studiobaila.cz\/cs\/wp-json\/wp\/v2\/pages"}],"about":[{"href":"https:\/\/studiobaila.cz\/cs\/wp-json\/wp\/v2\/types\/page"}],"author":[{"embeddable":true,"href":"https:\/\/studiobaila.cz\/cs\/wp-json\/wp\/v2\/users\/1"}],"replies":[{"embeddable":true,"href":"https:\/\/studiobaila.cz\/cs\/wp-json\/wp\/v2\/comments?post=644"}],"version-history":[{"count":6,"href":"https:\/\/studiobaila.cz\/cs\/wp-json\/wp\/v2\/pages\/644\/revisions"}],"predecessor-version":[{"id":6960,"href":"https:\/\/studiobaila.cz\/cs\/wp-json\/wp\/v2\/pages\/644\/revisions\/6960"}],"wp:attachment":[{"href":"https:\/\/studiobaila.cz\/cs\/wp-json\/wp\/v2\/media?parent=644"}],"curies":[{"name":"wp","href":"https:\/\/api.w.org\/{rel}","templated":true}]}}