{"id":632,"date":"2015-11-02T23:55:08","date_gmt":"2015-11-02T20:55:08","guid":{"rendered":"http:\/\/studiobaila.cz\/latina-2\/"},"modified":"2016-02-28T17:21:27","modified_gmt":"2016-02-28T14:21:27","slug":"latina","status":"publish","type":"page","link":"https:\/\/studiobaila.cz\/cs\/latina\/","title":{"rendered":"Latinskoamerick\u00e9 tance"},"content":{"rendered":"[vc_row fullwidth=&#8221;true&#8221; attached=&#8221;false&#8221; padding=&#8221;0&#8243;][vc_column width=&#8221;1\/1&#8243; css=&#8221;.vc_custom_1444481015737{margin-bottom: 50px !important;}&#8221;][mk_page_title_box page_title=&#8221;Latinskoamerick\u00e9 tance &#8221; page_subtitle=&#8221;Kr\u00e1sa, s\u00edla a snadnost &#8221; section_height=&#8221;400&#8243; bg_type=&#8221;image&#8221; bg_image=&#8221;https:\/\/studiobaila.cz\/wp-content\/uploads\/2015\/11\/latina_1.jpg&#8221; bg_position=&#8221;center center&#8221; bg_stretch=&#8221;true&#8221; bg_effects=&#8221;gradient&#8221; attachment=&#8221;scroll&#8221; text_align=&#8221;center&#8221; font_size=&#8221;50&#8243; title_letter_spacing=&#8221;3&#8243; font_color=&#8221;#ffffff&#8221; font_weight=&#8221;inherit&#8221; underline=&#8221;true&#8221; padding=&#8221;20&#8243; sub_font_size=&#8221;30&#8243; sub_font_weight=&#8221;inherit&#8221; overlay=&#8221;rgba(10,10,10,0.25)&#8221; sub_font_color=&#8221;#ffffff&#8221;][mk_divider style=&#8221;thin_solid&#8221; divider_width=&#8221;full_width&#8221; custom_width=&#8221;10&#8243; align=&#8221;center&#8221; border_color=&#8221;#bf8f38&#8243; thickness=&#8221;1&#8243; margin_top=&#8221;0&#8243; margin_bottom=&#8221;0&#8243;][\/vc_column][\/vc_row][vc_row fullwidth=&#8221;false&#8221; attached=&#8221;false&#8221; padding=&#8221;0&#8243; visibility=&#8221;&#8221; animation=&#8221;&#8221;][vc_column border_color=&#8221;&#8221; visibility=&#8221;&#8221; width=&#8221;1\/1&#8243; css=&#8221;.vc_custom_1444500986665{padding-top: 50px !important;padding-bottom: 50px !important;}&#8221;][mk_fancy_title tag_name=&#8221;h2&#8243; style=&#8221;false&#8221; color=&#8221;#393836&#8243; size=&#8221;28&#8243; font_weight=&#8221;inherit&#8221; font_style=&#8221;inhert&#8221; letter_spacing=&#8221;0&#8243; margin_top=&#8221;0&#8243; font_family=&#8221;none&#8221; align=&#8221;left&#8221; margin_bottom=&#8221;18&#8243;]\n<p>O tanci<\/p>\n[\/mk_fancy_title][vc_row_inner attached=&#8221;false&#8221; padding=&#8221;0&#8243; visibility=&#8221;&#8221;][vc_column_inner el_class=&#8221;&#8221; width=&#8221;1\/2&#8243;][vc_column_text disable_pattern=&#8221;true&#8221; align=&#8221;left&#8221; margin_bottom=&#8221;0&#8243;]\n<p>Latinskoamerick\u00e9 tance jsou zn\u00e1m\u00e9 svoji kr\u00e1sou, s\u00edlou a snadnosti cel\u00e1 stalet\u00ed. Ale i p\u0159es dlouhou historii tane\u010dn\u00ed styly (jak\u00e9 jsou cha-cha-cha, Samba, rumba, jive, paso doble) z\u00edskali svoj\u00ed popularitu jen ned\u00e1vno. T\u00e9to p\u011bt tanc\u016f tvo\u0159\u00ed tane\u010dn\u00ed latinskoamerick\u00fd program spole\u010densk\u00fdch tanc\u016f, kter\u00e9 maj\u00ed n\u011bjak\u00e9 normy, kter\u00e9 p\u0159inesly t\u00edm emocion\u00e1ln\u00edm tanc\u016fm jen u\u017eitek.<\/p>\n[\/vc_column_text][\/vc_column_inner][vc_column_inner el_class=&#8221;&#8221; width=&#8221;1\/2&#8243;][vc_video link=&#8221;https:\/\/www.youtube.com\/watch?v=F5zCGgZMaWQ&#8221;][\/vc_column_inner][\/vc_row_inner][vc_row_inner attached=&#8221;false&#8221; padding=&#8221;0&#8243; visibility=&#8221;&#8221;][vc_column_inner width=&#8221;1\/1&#8243;][vc_column_text disable_pattern=&#8221;true&#8221; align=&#8221;left&#8221; margin_bottom=&#8221;0&#8243;]Jive: poch\u00e1z\u00ed z africk\u00e9ho tance, ale svoj\u00ed popularitu tanec z\u00edskal ve Spojen\u00fdch st\u00e1tech v roce 1940. Od t\u00e9 doby se tanec neztr\u00e1c\u00ed svou popularitu, ale po\u0159ad dostava v\u00edce fanou\u0161k\u016f. Swing, rock&#8217;n&#8217;roll, boogie-woogie \u2013 z ka\u017ed\u00e9ho z t\u011bchto tanc\u016f arzen\u00e1l Jive dostal n\u011bkter\u00e9 prvky, tak\u017ee te\u010f je na vrcholu.<\/p>\n<p>Cha-Cha-cha: tento tanec je pova\u017eov\u00e1n za nejmlad\u0161\u00edho z\u00e1stupce latinskoamerick\u00e9ho programu spole\u010densk\u00fdch tanc\u016f. P\u016fvodn\u011b tanec m\u011bl n\u00e1zev dantson &#8211; mambo, pak tento popul\u00e1rn\u00ed kub\u00e1nsk\u00fd tanec dostal jin\u00fd n\u00e1zev. 120 tep\u016f za minutu &#8211; takov\u00fd aktivn\u00ed rytmus vypadal velmi p\u016fsobiv\u011b p\u0159i proveden\u00ed profesion\u00e1ln\u00edch tane\u010dn\u00edk\u016f.<\/p>\n<p>Rumba: Rumba m\u00e1 kub\u00e1nsko africk\u00e9 ko\u0159eny. N\u00e1m\u011bt tohoto tance je velmi jednoduch\u00fd: \u017eena hraje sexy pohyby s mu\u017eem, a mu\u017e se na opl\u00e1tku sna\u017e\u00ed, aby j\u00ed uk\u00e1zal svou nad\u0159azenost.<\/p>\n<p>Paso doble: tanec se objevil ve \u0160pan\u011blsku. V Evrop\u011b z\u00edskal popularitu v roce 1920. Charakteristick\u00e9 rysy tance jsou rychlost a t\u00e9ma: mu\u017ei a \u017eeny tan\u010d\u00ed spolu navz\u00e1jem, konflikt vypad\u00e1 jako b\u00fd\u010d\u00ed z\u00e1pasy.<\/p>\n<p>Samba: Samba byla v\u017edy zn\u00e1m\u00e1 svoj\u00ed plastikou a rytmem. V\u0161echny tyto vlastnosti jsou dokonale zastoupen\u00e9 v latinskoamerick\u00e9m programu.[\/vc_column_text][\/vc_column_inner][\/vc_row_inner][\/vc_column][\/vc_row][vc_row fullwidth=&#8221;true&#8221; attached=&#8221;false&#8221; padding=&#8221;0&#8243;][vc_column width=&#8221;1\/1&#8243; css=&#8221;.vc_custom_1444501130865{margin-top: 50px !important;margin-bottom: 50px !important;border-top-width: 1px !important;border-bottom-width: 1px !important;border-top-color: #bf8f38 !important;border-top-style: solid !important;border-bottom-color: #bf8f38 !important;border-bottom-style: solid !important;}&#8221;][mk_gallery images=&#8221;409,411,413,414,415&#8243; style=&#8221;grid&#8221; column=&#8221;5&#8243; image_size=&#8221;crop&#8221; height=&#8221;250&#8243; hover_scenarios=&#8221;fadebox&#8221; item_spacing=&#8221;0&#8243; margin_bottom=&#8221;0&#8243; frame_style=&#8221;simple&#8221; disable_title=&#8221;false&#8221; image_quality=&#8221;3&#8243; pagination=&#8221;false&#8221; count=&#8221;10&#8243; pagination_style=&#8221;1&#8243; order=&#8221;ASC&#8221; orderby=&#8221;date&#8221; item_id=&#8221;1444481079-5619083769926&#8243;][\/vc_column][\/vc_row][vc_row fullwidth=&#8221;false&#8221; attached=&#8221;false&#8221; padding=&#8221;0&#8243; visibility=&#8221;&#8221; animation=&#8221;&#8221;][vc_column width=&#8221;1\/2&#8243; css=&#8221;.vc_custom_1444502367710{padding-top: 50px !important;padding-bottom: 50px !important;}&#8221;][mk_fancy_title tag_name=&#8221;h2&#8243; style=&#8221;false&#8221; color=&#8221;#393836&#8243; size=&#8221;28&#8243; font_weight=&#8221;inherit&#8221; font_style=&#8221;inhert&#8221; letter_spacing=&#8221;0&#8243; margin_top=&#8221;0&#8243; margin_bottom=&#8221;18&#8243; font_family=&#8221;none&#8221; align=&#8221;left&#8221;]\n<p>Zanechat vzkaz<\/p>\n[\/mk_fancy_title][vc_column_text disable_pattern=&#8221;true&#8221; align=&#8221;left&#8221; margin_bottom=&#8221;0&#8243;]\n<p>Chcete za\u010d\u00edt tancovat? Je to snadn\u00e9! Zavolejte n\u00e1m na:<\/p>\n[\/vc_column_text][mk_fancy_title tag_name=&#8221;h3&#8243; style=&#8221;false&#8221; color=&#8221;#393836&#8243; size=&#8221;26&#8243; font_weight=&#8221;inherit&#8221; font_style=&#8221;inhert&#8221; letter_spacing=&#8221;0&#8243; margin_top=&#8221;0&#8243; margin_bottom=&#8221;18&#8243; font_family=&#8221;none&#8221; align=&#8221;center&#8221;]\n<p>+420 773 135 573<\/p>\n[\/mk_fancy_title][vc_column_text disable_pattern=&#8221;true&#8221; align=&#8221;left&#8221; margin_bottom=&#8221;0&#8243;]Nebo pou\u017eijte kontaktn\u00ed formul\u00e1\u0159 na prav\u00e9 stran\u011b.<\/p>\n<p>\u010cek\u00e1me na v\u00e1s v na\u0161em studiu![\/vc_column_text][\/vc_column][vc_column width=&#8221;1\/2&#8243; css=&#8221;.vc_custom_1444502372182{padding-top: 50px !important;padding-bottom: 50px !important;}&#8221;][vc_column_text disable_pattern=&#8221;true&#8221; align=&#8221;left&#8221; margin_bottom=&#8221;0&#8243;]\n<div role=\"form\" class=\"wpcf7\" id=\"wpcf7-f991-o1\" lang=\"cs-CZ\" dir=\"ltr\">\n<div class=\"screen-reader-response\"><p role=\"status\" aria-live=\"polite\" aria-atomic=\"true\"><\/p> <ul><\/ul><\/div>\n<form action=\"\/cs\/wp-json\/wp\/v2\/pages\/632#wpcf7-f991-o1\" method=\"post\" class=\"wpcf7-form init\" novalidate=\"novalidate\" data-status=\"init\">\n<div style=\"display: none;\">\n<input type=\"hidden\" name=\"_wpcf7\" value=\"991\" \/>\n<input type=\"hidden\" name=\"_wpcf7_version\" value=\"5.3\" \/>\n<input type=\"hidden\" name=\"_wpcf7_locale\" value=\"cs_CZ\" \/>\n<input type=\"hidden\" name=\"_wpcf7_unit_tag\" value=\"wpcf7-f991-o1\" \/>\n<input type=\"hidden\" name=\"_wpcf7_container_post\" value=\"0\" \/>\n<input type=\"hidden\" name=\"_wpcf7_posted_data_hash\" value=\"\" \/>\n<input type=\"hidden\" name=\"_wpcf7_recaptcha_response\" value=\"\" \/>\n<\/div>\n<div class=\"mk-contact-form-wrapper mk-shortcode contact-dark outline-style\">\n<div class=\"mk-contact-form\">\n<div class=\"mk-form-row thirds\">\n        <span class=\"wpcf7-form-control-wrap your-name\"><input type=\"text\" name=\"your-name\" value=\"\" size=\"40\" class=\"wpcf7-form-control wpcf7-text wpcf7-validates-as-required text-input\" aria-required=\"true\" aria-invalid=\"false\" placeholder=\"Jm\u00e9no\" \/><\/span><span class=\"wpcf7-form-control-wrap your-email\"><input type=\"email\" name=\"your-email\" value=\"\" size=\"40\" class=\"wpcf7-form-control wpcf7-text wpcf7-email wpcf7-validates-as-required wpcf7-validates-as-email text-input\" aria-required=\"true\" aria-invalid=\"false\" placeholder=\"Email\" \/><\/span><span class=\"wpcf7-form-control-wrap subject\"><input type=\"text\" name=\"subject\" value=\"\" size=\"40\" class=\"wpcf7-form-control wpcf7-text text-input\" aria-invalid=\"false\" placeholder=\"P\u0159edm\u011bt\" \/><\/span>\n    <\/div>\n<div class=\"mk-form-row\">\n        <span class=\"wpcf7-form-control-wrap your-message\"><textarea name=\"your-message\" cols=\"40\" rows=\"4\" class=\"wpcf7-form-control wpcf7-textarea mk-textarea\" aria-invalid=\"false\" placeholder=\"Zpr\u00e1va\"><\/textarea><\/span>\n    <\/div>\n<div class=\"mk-form-row\">\n        <input type=\"submit\" value=\"Odeslat\" class=\"wpcf7-form-control wpcf7-submit contact-outline-submit outline-btn-dark\" \/>\n    <\/div>\n<\/div>\n<\/div>\n<div class=\"wpcf7-response-output\" aria-hidden=\"true\"><\/div><\/form><\/div>\n[\/vc_column_text][\/vc_column][\/vc_row]\n","protected":false},"excerpt":{"rendered":"<p>[vc_row fullwidth=&#8221;true&#8221; attached=&#8221;false&#8221; padding=&#8221;0&#8243;][vc_column width=&#8221;1\/1&#8243; css=&#8221;.vc_custom_1444481015737{margin-bottom: 50px !important;}&#8221;][mk_page_title_box page_title=&#8221;Latinskoamerick\u00e9 tance &#8221; page_subtitle=&#8221;Kr\u00e1sa, s\u00edla a snadnost &#8221; section_height=&#8221;400&#8243; bg_type=&#8221;image&#8221; bg_image=&#8221;https:\/\/studiobaila.cz\/wp-content\/uploads\/2015\/11\/latina_1.jpg&#8221; bg_position=&#8221;center center&#8221; bg_stretch=&#8221;true&#8221; bg_effects=&#8221;gradient&#8221; attachment=&#8221;scroll&#8221; text_align=&#8221;center&#8221; font_size=&#8221;50&#8243; title_letter_spacing=&#8221;3&#8243; font_color=&#8221;#ffffff&#8221; font_weight=&#8221;inherit&#8221; underline=&#8221;true&#8221; padding=&#8221;20&#8243; sub_font_size=&#8221;30&#8243; sub_font_weight=&#8221;inherit&#8221; overlay=&#8221;rgba(10,10,10,0.25)&#8221; sub_font_color=&#8221;#ffffff&#8221;][mk_divider style=&#8221;thin_solid&#8221; divider_width=&#8221;full_width&#8221; custom_width=&#8221;10&#8243; align=&#8221;center&#8221; border_color=&#8221;#bf8f38&#8243; thickness=&#8221;1&#8243; margin_top=&#8221;0&#8243; margin_bottom=&#8221;0&#8243;][\/vc_column][\/vc_row][vc_row fullwidth=&#8221;false&#8221; attached=&#8221;false&#8221; padding=&#8221;0&#8243; visibility=&#8221;&#8221; animation=&#8221;&#8221;][vc_column border_color=&#8221;&#8221; visibility=&#8221;&#8221; width=&#8221;1\/1&#8243; css=&#8221;.vc_custom_1444500986665{padding-top: 50px !important;padding-bottom: 50px [&hellip;]<\/p>\n","protected":false},"author":1,"featured_media":410,"parent":0,"menu_order":0,"comment_status":"closed","ping_status":"closed","template":"","meta":[],"_links":{"self":[{"href":"https:\/\/studiobaila.cz\/cs\/wp-json\/wp\/v2\/pages\/632"}],"collection":[{"href":"https:\/\/studiobaila.cz\/cs\/wp-json\/wp\/v2\/pages"}],"about":[{"href":"https:\/\/studiobaila.cz\/cs\/wp-json\/wp\/v2\/types\/page"}],"author":[{"embeddable":true,"href":"https:\/\/studiobaila.cz\/cs\/wp-json\/wp\/v2\/users\/1"}],"replies":[{"embeddable":true,"href":"https:\/\/studiobaila.cz\/cs\/wp-json\/wp\/v2\/comments?post=632"}],"version-history":[{"count":0,"href":"https:\/\/studiobaila.cz\/cs\/wp-json\/wp\/v2\/pages\/632\/revisions"}],"wp:featuredmedia":[{"embeddable":true,"href":"https:\/\/studiobaila.cz\/cs\/wp-json\/wp\/v2\/media\/410"}],"wp:attachment":[{"href":"https:\/\/studiobaila.cz\/cs\/wp-json\/wp\/v2\/media?parent=632"}],"curies":[{"name":"wp","href":"https:\/\/api.w.org\/{rel}","templated":true}]}}