{"id":628,"date":"2015-10-11T17:46:18","date_gmt":"2015-10-11T14:46:18","guid":{"rendered":"http:\/\/studiobaila.cz\/kontakty-2\/"},"modified":"2024-03-29T23:56:47","modified_gmt":"2024-03-29T20:56:47","slug":"contact","status":"publish","type":"page","link":"https:\/\/studiobaila.cz\/cs\/contact\/","title":{"rendered":"Kontakty"},"content":{"rendered":"[mk_page_section full_width=&#8221;true&#8221; padding_top=&#8221;0&#8243; padding_bottom=&#8221;0&#8243; first_page=&#8221;false&#8221; last_page=&#8221;false&#8221; sidebar=&#8221;sidebar-event&#8221;][vc_column css=&#8221;.vc_custom_1444684822097{margin-top: 0px !important;margin-bottom: 0px !important;padding-top: 0px !important;padding-bottom: 0px !important;}&#8221;][vc_gmaps link=&#8221;#E-8_JTNDaWZyYW1lJTIwc3JjJTNEJTIyaHR0cHMlM0ElMkYlMkZ3d3cuZ29vZ2xlLmNvbSUyRm1hcHMlMkZlbWJlZCUzRnBiJTNEJTIxMW0xOCUyMTFtMTIlMjExbTMlMjExZDEwMjQwLjIyOTg4NDI5OTA2JTIxMmQxNC40MTQ1NzcxMzUwMjgxNzMlMjEzZDUwLjA4NTIxMDg0NjQzMDM2NCUyMTJtMyUyMTFmMCUyMTJmMCUyMTNmMCUyMTNtMiUyMTFpMTAyNCUyMTJpNzY4JTIxNGYxMy4xJTIxM20zJTIxMW0yJTIxMXMweDQ3MGI5NGVlYmZiOGI0N2QlMjUzQTB4MWU5NzczN2RlZTdlNmNjMyUyMTJ6VFdsamFHRnNjMnZEb1NBME16SXZNVElzSURFeE1DQXdNQ0JUZEdGeXc2a2dUY1NiYzNSdiUyMTVlMCUyMTNtMiUyMTFzcnUlMjEyc2N6JTIxNHYxNTY5NzUwNjM5MDcwJTIxNW0yJTIxMXNydSUyMTJzY3olMjIlMjB3aWR0aCUzRCUyMjYwMCUyMiUyMGhlaWdodCUzRCUyMjQ1MCUyMiUyMGZyYW1lYm9yZGVyJTNEJTIyMCUyMiUyMHN0eWxlJTNEJTIyYm9yZGVyJTNBMCUzQiUyMiUyMGFsbG93ZnVsbHNjcmVlbiUzRCUyMiUyMiUzRSUzQyUyRmlmcmFtZSUzRQ==&#8221;][mk_divider style=&#8221;thin_solid&#8221; margin_top=&#8221;0&#8243; margin_bottom=&#8221;0&#8243;][\/vc_column][\/mk_page_section][vc_row padding=&#8221;0&#8243;][vc_column][mk_fancy_title color=&#8221;#393836&#8243; size=&#8221;28&#8243; margin_bottom=&#8221;18&#8243; font_family=&#8221;Source+Sans+Pro&#8221; font_type=&#8221;google&#8221; align=&#8221;center&#8221; el_class=&#8221;fancy-title&#8221;]KONTAKTY[\/mk_fancy_title][\/vc_column][\/vc_row][vc_row padding=&#8221;0&#8243;][vc_column width=&#8221;1\/3&#8243; css=&#8221;.vc_custom_1444687019214{margin-bottom: 50px !important;}&#8221;][mk_icon_box icon=&#8221;mk-moon-home&#8221; title=&#8221;Adresa&#8221; font_weight=&#8221;bold&#8221; icon_color=&#8221;rgba(0,0,0,0.8)&#8221; box_blur=&#8221;false&#8221;]Studio BAILA s.r.o.<\/p>\n<p>D\u016fm U Zlat\u00e9ho Melounu,\u00a0kancel\u00e1\u0159 \u010d.205<\/p>\n<p>Michalsk\u00e1 12, Praha 1<\/p>\n<p>MHD &#8211; stanice metra B: M\u016fstek<\/p>\n<p>I\u010c: 24169421[\/mk_icon_box][\/vc_column][vc_column width=&#8221;1\/3&#8243; css=&#8221;.vc_custom_1444687024065{margin-bottom: 50px !important;}&#8221;][mk_icon_box icon=&#8221;mk-moon-phone&#8221; title=&#8221;Telefon&#8221; font_weight=&#8221;bold&#8221; icon_color=&#8221;rgba(0,0,0,0.8)&#8221; box_blur=&#8221;false&#8221;]+420 773 135 573[\/mk_icon_box][mk_icon_box icon=&#8221;mk-icon-envelope&#8221; title=&#8221;Email&#8221; font_weight=&#8221;bold&#8221; icon_color=&#8221;rgba(0,0,0,0.8)&#8221; box_blur=&#8221;false&#8221;]<a href=\"mailto:info@studiobaila.cz\">info@studiobaila.cz<\/a>[\/mk_icon_box][\/vc_column][vc_column width=&#8221;1\/3&#8243;][mk_icon_box icon=&#8221;mk-icon-bank&#8221; title=&#8221;\u010c\u00edslo \u00fa\u010dtu&#8221; font_weight=&#8221;bold&#8221; icon_color=&#8221;rgba(0,0,0,0.8)&#8221; box_blur=&#8221;false&#8221;]115-1429230217\/0100[\/mk_icon_box][\/vc_column][\/vc_row][vc_row][vc_column][mk_divider style=&#8221;shadow_line&#8221; margin_top=&#8221;30&#8243; margin_bottom=&#8221;40&#8243;][mk_fancy_title tag_name=&#8221;h4&#8243; size=&#8221;16&#8243; font_weight=&#8221;bold&#8221; txt_transform=&#8221;uppercase&#8221; letter_spacing=&#8221;1&#8243; font_family=&#8221;Source+Sans+Pro&#8221; font_type=&#8221;google&#8221; align=&#8221;center&#8221;]you can leave your request here[\/mk_fancy_title]<div role=\"form\" class=\"wpcf7\" id=\"wpcf7-f991-o1\" lang=\"cs-CZ\" dir=\"ltr\">\n<div class=\"screen-reader-response\"><p role=\"status\" aria-live=\"polite\" aria-atomic=\"true\"><\/p> <ul><\/ul><\/div>\n<form action=\"\/cs\/wp-json\/wp\/v2\/pages\/628#wpcf7-f991-o1\" method=\"post\" class=\"wpcf7-form init\" novalidate=\"novalidate\" data-status=\"init\">\n<div style=\"display: none;\">\n<input type=\"hidden\" name=\"_wpcf7\" value=\"991\" \/>\n<input type=\"hidden\" name=\"_wpcf7_version\" value=\"5.3\" \/>\n<input type=\"hidden\" name=\"_wpcf7_locale\" value=\"cs_CZ\" \/>\n<input type=\"hidden\" name=\"_wpcf7_unit_tag\" value=\"wpcf7-f991-o1\" \/>\n<input type=\"hidden\" name=\"_wpcf7_container_post\" value=\"0\" \/>\n<input type=\"hidden\" name=\"_wpcf7_posted_data_hash\" value=\"\" \/>\n<input type=\"hidden\" name=\"_wpcf7_recaptcha_response\" value=\"\" \/>\n<\/div>\n<div class=\"mk-contact-form-wrapper mk-shortcode contact-dark outline-style\">\n<div class=\"mk-contact-form\">\n<div class=\"mk-form-row thirds\">\n        <span class=\"wpcf7-form-control-wrap your-name\"><input type=\"text\" name=\"your-name\" value=\"\" size=\"40\" class=\"wpcf7-form-control wpcf7-text wpcf7-validates-as-required text-input\" aria-required=\"true\" aria-invalid=\"false\" placeholder=\"Jm\u00e9no\" \/><\/span><span class=\"wpcf7-form-control-wrap your-email\"><input type=\"email\" name=\"your-email\" value=\"\" size=\"40\" class=\"wpcf7-form-control wpcf7-text wpcf7-email wpcf7-validates-as-required wpcf7-validates-as-email text-input\" aria-required=\"true\" aria-invalid=\"false\" placeholder=\"Email\" \/><\/span><span class=\"wpcf7-form-control-wrap subject\"><input type=\"text\" name=\"subject\" value=\"\" size=\"40\" class=\"wpcf7-form-control wpcf7-text text-input\" aria-invalid=\"false\" placeholder=\"P\u0159edm\u011bt\" \/><\/span>\n    <\/div>\n<div class=\"mk-form-row\">\n        <span class=\"wpcf7-form-control-wrap your-message\"><textarea name=\"your-message\" cols=\"40\" rows=\"4\" class=\"wpcf7-form-control wpcf7-textarea mk-textarea\" aria-invalid=\"false\" placeholder=\"Zpr\u00e1va\"><\/textarea><\/span>\n    <\/div>\n<div class=\"mk-form-row\">\n        <input type=\"submit\" value=\"Odeslat\" class=\"wpcf7-form-control wpcf7-submit contact-outline-submit outline-btn-dark\" \/>\n    <\/div>\n<\/div>\n<\/div>\n<div class=\"wpcf7-response-output\" aria-hidden=\"true\"><\/div><\/form><\/div>[\/vc_column][\/vc_row]\n","protected":false},"excerpt":{"rendered":"<p>[mk_page_section full_width=&#8221;true&#8221; padding_top=&#8221;0&#8243; padding_bottom=&#8221;0&#8243; first_page=&#8221;false&#8221; last_page=&#8221;false&#8221; sidebar=&#8221;sidebar-event&#8221;][vc_column css=&#8221;.vc_custom_1444684822097{margin-top: 0px !important;margin-bottom: 0px !important;padding-top: 0px !important;padding-bottom: 0px !important;}&#8221;][vc_gmaps link=&#8221;#E-8_JTNDaWZyYW1lJTIwc3JjJTNEJTIyaHR0cHMlM0ElMkYlMkZ3d3cuZ29vZ2xlLmNvbSUyRm1hcHMlMkZlbWJlZCUzRnBiJTNEJTIxMW0xOCUyMTFtMTIlMjExbTMlMjExZDEwMjQwLjIyOTg4NDI5OTA2JTIxMmQxNC40MTQ1NzcxMzUwMjgxNzMlMjEzZDUwLjA4NTIxMDg0NjQzMDM2NCUyMTJtMyUyMTFmMCUyMTJmMCUyMTNmMCUyMTNtMiUyMTFpMTAyNCUyMTJpNzY4JTIxNGYxMy4xJTIxM20zJTIxMW0yJTIxMXMweDQ3MGI5NGVlYmZiOGI0N2QlMjUzQTB4MWU5NzczN2RlZTdlNmNjMyUyMTJ6VFdsamFHRnNjMnZEb1NBME16SXZNVElzSURFeE1DQXdNQ0JUZEdGeXc2a2dUY1NiYzNSdiUyMTVlMCUyMTNtMiUyMTFzcnUlMjEyc2N6JTIxNHYxNTY5NzUwNjM5MDcwJTIxNW0yJTIxMXNydSUyMTJzY3olMjIlMjB3aWR0aCUzRCUyMjYwMCUyMiUyMGhlaWdodCUzRCUyMjQ1MCUyMiUyMGZyYW1lYm9yZGVyJTNEJTIyMCUyMiUyMHN0eWxlJTNEJTIyYm9yZGVyJTNBMCUzQiUyMiUyMGFsbG93ZnVsbHNjcmVlbiUzRCUyMiUyMiUzRSUzQyUyRmlmcmFtZSUzRQ==&#8221;][mk_divider style=&#8221;thin_solid&#8221; margin_top=&#8221;0&#8243; margin_bottom=&#8221;0&#8243;][\/vc_column][\/mk_page_section][vc_row padding=&#8221;0&#8243;][vc_column][mk_fancy_title color=&#8221;#393836&#8243; size=&#8221;28&#8243; margin_bottom=&#8221;18&#8243; font_family=&#8221;Source+Sans+Pro&#8221; font_type=&#8221;google&#8221; align=&#8221;center&#8221; el_class=&#8221;fancy-title&#8221;]KONTAKTY[\/mk_fancy_title][\/vc_column][\/vc_row][vc_row padding=&#8221;0&#8243;][vc_column width=&#8221;1\/3&#8243; css=&#8221;.vc_custom_1444687019214{margin-bottom: 50px !important;}&#8221;][mk_icon_box icon=&#8221;mk-moon-home&#8221; title=&#8221;Adresa&#8221; font_weight=&#8221;bold&#8221; icon_color=&#8221;rgba(0,0,0,0.8)&#8221; box_blur=&#8221;false&#8221;]Studio BAILA s.r.o. D\u016fm U Zlat\u00e9ho Melounu,\u00a0kancel\u00e1\u0159 \u010d.205 Michalsk\u00e1 12, Praha 1 MHD &#8211; stanice metra B: M\u016fstek [&hellip;]<\/p>\n","protected":false},"author":1,"featured_media":0,"parent":0,"menu_order":0,"comment_status":"closed","ping_status":"closed","template":"","meta":[],"_links":{"self":[{"href":"https:\/\/studiobaila.cz\/cs\/wp-json\/wp\/v2\/pages\/628"}],"collection":[{"href":"https:\/\/studiobaila.cz\/cs\/wp-json\/wp\/v2\/pages"}],"about":[{"href":"https:\/\/studiobaila.cz\/cs\/wp-json\/wp\/v2\/types\/page"}],"author":[{"embeddable":true,"href":"https:\/\/studiobaila.cz\/cs\/wp-json\/wp\/v2\/users\/1"}],"replies":[{"embeddable":true,"href":"https:\/\/studiobaila.cz\/cs\/wp-json\/wp\/v2\/comments?post=628"}],"version-history":[{"count":3,"href":"https:\/\/studiobaila.cz\/cs\/wp-json\/wp\/v2\/pages\/628\/revisions"}],"predecessor-version":[{"id":6866,"href":"https:\/\/studiobaila.cz\/cs\/wp-json\/wp\/v2\/pages\/628\/revisions\/6866"}],"wp:attachment":[{"href":"https:\/\/studiobaila.cz\/cs\/wp-json\/wp\/v2\/media?parent=628"}],"curies":[{"name":"wp","href":"https:\/\/api.w.org\/{rel}","templated":true}]}}