{"id":563,"date":"2015-11-03T22:03:07","date_gmt":"2015-11-03T19:03:07","guid":{"rendered":"http:\/\/studiobaila.cz\/reggaeton-2\/"},"modified":"2016-03-07T12:21:52","modified_gmt":"2016-03-07T09:21:52","slug":"reggaeton","status":"publish","type":"page","link":"https:\/\/studiobaila.cz\/cs\/reggaeton\/","title":{"rendered":"Reggaeton"},"content":{"rendered":"[vc_row fullwidth=&#8221;true&#8221; attached=&#8221;false&#8221; padding=&#8221;0&#8243;][vc_column width=&#8221;1\/1&#8243; css=&#8221;.vc_custom_1444481015737{margin-bottom: 50px !important;}&#8221;][mk_page_title_box page_title=&#8221;Reggaeton&#8221; page_subtitle=&#8221;Tanec pln\u00fd j\u00edzdy, energie a odvahy&#8221; section_height=&#8221;500&#8243; bg_type=&#8221;image&#8221; bg_image=&#8221;https:\/\/studiobaila.cz\/wp-content\/uploads\/2015\/11\/twerk.0.0.jpg&#8221; bg_position=&#8221;center top&#8221; bg_stretch=&#8221;true&#8221; bg_effects=&#8221;gradient&#8221; attachment=&#8221;scroll&#8221; text_align=&#8221;center&#8221; font_size=&#8221;50&#8243; title_letter_spacing=&#8221;3&#8243; font_color=&#8221;#ffffff&#8221; font_weight=&#8221;inherit&#8221; underline=&#8221;true&#8221; padding=&#8221;20&#8243; sub_font_size=&#8221;30&#8243; sub_font_weight=&#8221;inherit&#8221; overlay=&#8221;rgba(10,10,10,0.25)&#8221; sub_font_color=&#8221;#ffffff&#8221;][mk_divider style=&#8221;thin_solid&#8221; divider_width=&#8221;full_width&#8221; custom_width=&#8221;10&#8243; align=&#8221;center&#8221; border_color=&#8221;#bf8f38&#8243; thickness=&#8221;1&#8243; margin_top=&#8221;0&#8243; margin_bottom=&#8221;0&#8243;][\/vc_column][\/vc_row][vc_row fullwidth=&#8221;false&#8221; attached=&#8221;false&#8221; padding=&#8221;0&#8243; visibility=&#8221;&#8221; animation=&#8221;&#8221;][vc_column border_color=&#8221;&#8221; visibility=&#8221;&#8221; width=&#8221;1\/1&#8243; css=&#8221;.vc_custom_1444500986665{padding-top: 50px !important;padding-bottom: 50px !important;}&#8221;][mk_fancy_title tag_name=&#8221;h2&#8243; style=&#8221;false&#8221; color=&#8221;#393836&#8243; size=&#8221;28&#8243; font_weight=&#8221;inherit&#8221; font_style=&#8221;inhert&#8221; letter_spacing=&#8221;0&#8243; margin_top=&#8221;0&#8243; font_family=&#8221;none&#8221; align=&#8221;left&#8221; margin_bottom=&#8221;18&#8243;]\n<p>O tanci<\/p>\n[\/mk_fancy_title][vc_row_inner attached=&#8221;false&#8221; padding=&#8221;0&#8243; visibility=&#8221;&#8221;][vc_column_inner el_class=&#8221;&#8221; width=&#8221;1\/2&#8243;][vc_column_text disable_pattern=&#8221;true&#8221; align=&#8221;left&#8221; margin_bottom=&#8221;0&#8243;]\n<p><span style=\"font-weight: 400;\">Reggaeton \u2013 tanec-vizitka Puerto Rico a Latinsk\u00e9 Ameriky, je to tanec pln\u00fd pohybu, energie a odvahy. Tento tanec vych\u00e1z\u00ed z reggae, hip-hop a dancehall. A, samoz\u0159ejm\u011b, obrovsk\u00fd vliv na n\u011bj m\u011bla latinskoamerick\u00e1 t\u00e9ma. Tanec je zalo\u017een na rytmick\u00fdch pohybech t\u011bla, beder, prsy, vlny, oto\u010den\u00ed a \u010dasto i akrobatick\u00e9 prvky. Nau\u010dit se tan\u010dit reggaeton m\u016f\u017ee ka\u017ed\u00fd. Zku\u0161en\u00ed tren\u00e9\u0159i v\u00e1s nau\u010d\u00ed z\u00e1kladn\u00ed prvky, pak slo\u017eit\u011bj\u0161\u00ed akordy, pom\u016f\u017eou naj\u00edt inspiraci pro va\u0161i vlastn\u00ed improvizaci. Mezi nad\u0161enci tohoto stylu b\u011bhem tance vl\u00e1dne neskute\u010dn\u00e1 atmosf\u00e9ra. T\u00edmto tancem se d\u00e1 rozto\u010dit cel\u00fd dav.<\/span><\/p>\n[\/vc_column_text][\/vc_column_inner][vc_column_inner el_class=&#8221;&#8221; width=&#8221;1\/2&#8243;][vc_video link=&#8221;https:\/\/www.youtube.com\/watch?v=NasaicVKOt8&#8243;][\/vc_column_inner][\/vc_row_inner][vc_row_inner attached=&#8221;false&#8221; padding=&#8221;0&#8243; visibility=&#8221;&#8221;][vc_column_inner width=&#8221;1\/1&#8243;][vc_column_text disable_pattern=&#8221;true&#8221; align=&#8221;left&#8221; margin_bottom=&#8221;0&#8243;]<span style=\"font-weight: 400;\">Na rozd\u00edl od v\u011bt\u0161iny latinsk\u00fdch tanc\u016f nepot\u0159ebujete p\u00e1r. To je jeden z m\u00e1la latinskoamerick\u00fdch tanc\u016f s\u00f3lo. Krom\u011b toho, reggaeton je skv\u011blou alternativou b\u011bhu, lekc\u00edm ve fitness clubu a t\u011blocvi\u010dn\u00e1ch. Tanec aktivuje v\u0161echny svaly v t\u011ble, co\u017e v\u00e1m umo\u017en\u00ed udr\u017eovat sv\u00e9 t\u011blo v dobr\u00e9m stavu a udr\u017eovat dobrou kondici. Ka\u017ed\u00fd chce b\u00fdt \u0161t\u00edhl\u00fd, zdrav\u00fd, fit a m\u00edt kr\u00e1sn\u00fd tvar. Tanec reggaeton &#8211; to je nejen fyzick\u00e9 cvi\u010den\u00ed, ale i plastika, schopnost ovl\u00e1dat sv\u00e9 t\u011blo a tak\u00e9 pozitivn\u00ed emoce, tonus, energie a dobr\u00e1 n\u00e1lada. Reggaeton je tanec se zaj\u00edmavou postavou. Poc\u00edt\u00edte to i v pr\u016fb\u011bhu prvn\u00ed lekci. Tr\u00e9ninkov\u00e9 techniky reggaetonu podobaj\u00ed \u00a0hip-hopu, reggae, latin\u011b ve v\u0161ech jej\u00edch projevech a tak\u00e9 strip-plastice. Proto tento unik\u00e1tn\u00ed kurz r\u016fznorod\u011b rozvije ka\u017ed\u00e9ho.<\/span><\/p>\n<p><span style=\"font-weight: 400;\">Co d\u00e1v\u00e1 reggaeton? Lekce se u\u010d\u00ed nejen jak rozto\u010dit na tane\u010dn\u00edm parketu, ale i jak byt harmonickou osobou. D\u00edky u\u010ditel\u016fm na\u0161e tane\u010dn\u00ed \u0161koly a reggaetonu, samoz\u0159ejm\u011b, udr\u017e\u00edte sv\u00e9 t\u011blo v kondici, budete m\u00edt pozitivn\u00ed my\u0161lenky, zbav\u00edte se shrom\u00e1\u017ed\u011bn\u00fdch v pr\u016fb\u011bhu mnoha let komplex\u016f.<\/span><\/p>\n<p><span style=\"font-weight: 400;\">Reggaeton ji\u017e z\u00edskal srdce milion\u016f, ur\u010dit\u011b z\u00edsk\u00e1 i Va\u0161e!<\/span>[\/vc_column_text][\/vc_column_inner][\/vc_row_inner][\/vc_column][\/vc_row][vc_row fullwidth=&#8221;true&#8221; attached=&#8221;false&#8221; padding=&#8221;0&#8243;][vc_column width=&#8221;1\/1&#8243; css=&#8221;.vc_custom_1444501130865{margin-top: 50px !important;margin-bottom: 50px !important;border-top-width: 1px !important;border-bottom-width: 1px !important;border-top-color: #bf8f38 !important;border-top-style: solid !important;border-bottom-color: #bf8f38 !important;border-bottom-style: solid !important;}&#8221;][mk_gallery style=&#8221;grid&#8221; column=&#8221;5&#8243; image_size=&#8221;crop&#8221; height=&#8221;250&#8243; hover_scenarios=&#8221;fadebox&#8221; item_spacing=&#8221;0&#8243; margin_bottom=&#8221;0&#8243; frame_style=&#8221;simple&#8221; disable_title=&#8221;false&#8221; image_quality=&#8221;3&#8243; pagination=&#8221;false&#8221; count=&#8221;10&#8243; pagination_style=&#8221;1&#8243; order=&#8221;ASC&#8221; orderby=&#8221;date&#8221; item_id=&#8221;1444481079-5619083769926&#8243;][\/vc_column][\/vc_row][vc_row fullwidth=&#8221;false&#8221; attached=&#8221;false&#8221; padding=&#8221;0&#8243; visibility=&#8221;&#8221; animation=&#8221;&#8221;][vc_column border_color=&#8221;&#8221; visibility=&#8221;&#8221; width=&#8221;1\/1&#8243;][mk_fancy_title tag_name=&#8221;h2&#8243; style=&#8221;false&#8221; color=&#8221;#393836&#8243; size=&#8221;28&#8243; font_weight=&#8221;inherit&#8221; font_style=&#8221;inhert&#8221; letter_spacing=&#8221;0&#8243; margin_top=&#8221;0&#8243; margin_bottom=&#8221;18&#8243; font_family=&#8221;none&#8221; align=&#8221;left&#8221;]\n<p>ROZVRH<\/p>\n[\/mk_fancy_title][vc_column_text disable_pattern=&#8221;true&#8221; align=&#8221;left&#8221; margin_bottom=&#8221;0&#8243;]\n<ul class=\"timetable_clearfix tabs_box_navigation tt_responsive sf-timetable-menu\">\n\t\t\t<li class=\"tabs_box_navigation_selected\"><label>All Events<\/label><span class=\"tabs_box_navigation_icon\"><\/span><ul class=\"sub-menu\"><li><a href=\"#all-events\" title=\"All Events\">All Events<\/a><\/li><li><a href=\"#reggaeton-2\" title=\"Reggaeton\">Reggaeton<\/a><\/li><\/ul><\/li>\n\t\t<\/ul><style type=\"text\/css\">.sf-timetable-menu {display:none}.tt_tabs .tt_timetable .event{background: #4a185e;} .tt_tabs_navigation li a:hover, .tt_tabs_navigation li a.selected, .tt_tabs_navigation li.ui-tabs-active a{border-color:#4a185e !important;}.tabs_box_navigation.sf-timetable-menu .tabs_box_navigation_selected{background-color:#4a185e;border-color:#4a185e;}.tabs_box_navigation.sf-timetable-menu .tabs_box_navigation_selected:hover{background-color: #FFF; border: 1px solid rgba(0, 0, 0, 0.1);}.sf-timetable-menu li ul li a:hover, .sf-timetable-menu li ul li.selected a:hover{background-color:#4a185e;}<\/style><div class=\"timetable_clearfix tt_tabs tt_responsive event_layout_1\">\n\t\t<ul class=\"timetable_clearfix tt_tabs_navigation\" style=\"display: none;\"><li><a href=\"#all-events\" title=\"All Events\">All Events<\/a><\/li><li><a href=\"#reggaeton-2\" title=\"Reggaeton\">Reggaeton<\/a><\/li><\/ul><div id=\"all-events\"><table class=\"tt_timetable\">\n\t\t\t\t<thead>\n\t\t\t\t\t<tr class=\"row_gray\" style=\"background-color: #F0F0F0 !important;\"><th><\/th>\t<th>Pond\u011bl\u00ed<\/th>\t<th>\u00dater\u00fd<\/th>\t<th>St\u0159eda<\/th>\t<th>\u010ctvrtek<\/th>\t<th>P\u00e1tek<\/th>\t<\/tr>\n\t\t\t\t<\/thead>\n\t\t\t\t<tbody><\/tbody>\n\t\t\t<\/table><div class=\"tt_timetable small\"><\/div><\/div><div id=\"reggaeton-2\" class=\"tt-ui-tabs-hide\"><table class=\"tt_timetable\">\n\t\t\t\t<thead>\n\t\t\t\t\t<tr class=\"row_gray\" style=\"background-color: #F0F0F0 !important;\"><th><\/th>\t<th>Pond\u011bl\u00ed<\/th>\t<th>\u00dater\u00fd<\/th>\t<th>St\u0159eda<\/th>\t<th>\u010ctvrtek<\/th>\t<th>P\u00e1tek<\/th>\t<\/tr>\n\t\t\t\t<\/thead>\n\t\t\t\t<tbody><\/tbody>\n\t\t\t<\/table><div class=\"tt_timetable small\"><\/div><\/div><\/div>\n[\/vc_column_text][\/vc_column][\/vc_row][vc_row fullwidth=&#8221;false&#8221; attached=&#8221;false&#8221; padding=&#8221;0&#8243; visibility=&#8221;&#8221; animation=&#8221;&#8221;][vc_column border_color=&#8221;&#8221; visibility=&#8221;&#8221; width=&#8221;1\/2&#8243;][mk_fancy_title tag_name=&#8221;h2&#8243; style=&#8221;false&#8221; color=&#8221;#393836&#8243; size=&#8221;28&#8243; font_weight=&#8221;inherit&#8221; font_style=&#8221;inhert&#8221; letter_spacing=&#8221;0&#8243; margin_top=&#8221;0&#8243; margin_bottom=&#8221;18&#8243; font_family=&#8221;none&#8221; align=&#8221;left&#8221;]\n<p>Zanechat vzkaz<\/p>\n[\/mk_fancy_title][vc_column_text disable_pattern=&#8221;true&#8221; align=&#8221;left&#8221; margin_bottom=&#8221;0&#8243;]\n<p>Chcete za\u010d\u00edt tancovat? Je to snadn\u00e9! Zavolejte n\u00e1m na:<\/p>\n[\/vc_column_text][mk_fancy_title tag_name=&#8221;h2&#8243; style=&#8221;false&#8221; color=&#8221;#393836&#8243; size=&#8221;26&#8243; font_weight=&#8221;inherit&#8221; font_style=&#8221;inhert&#8221; letter_spacing=&#8221;0&#8243; margin_top=&#8221;0&#8243; margin_bottom=&#8221;18&#8243; font_family=&#8221;none&#8221; align=&#8221;center&#8221;]\n<p>+420 773 135 573<\/p>\n[\/mk_fancy_title][vc_column_text disable_pattern=&#8221;true&#8221; align=&#8221;left&#8221; margin_bottom=&#8221;0&#8243;]Nebo pou\u017eijte kontaktn\u00ed formul\u00e1\u0159 na prav\u00e9 stran\u011b.<\/p>\n<p>\u010cek\u00e1me na v\u00e1s v na\u0161em studiu![\/vc_column_text][\/vc_column][vc_column border_color=&#8221;&#8221; visibility=&#8221;&#8221; width=&#8221;1\/2&#8243;][vc_column_text disable_pattern=&#8221;true&#8221; align=&#8221;left&#8221; margin_bottom=&#8221;0&#8243;]\n<div role=\"form\" class=\"wpcf7\" id=\"wpcf7-f991-o1\" lang=\"cs-CZ\" dir=\"ltr\">\n<div class=\"screen-reader-response\"><p role=\"status\" aria-live=\"polite\" aria-atomic=\"true\"><\/p> <ul><\/ul><\/div>\n<form action=\"\/cs\/wp-json\/wp\/v2\/pages\/563#wpcf7-f991-o1\" method=\"post\" class=\"wpcf7-form init\" novalidate=\"novalidate\" data-status=\"init\">\n<div style=\"display: none;\">\n<input type=\"hidden\" name=\"_wpcf7\" value=\"991\" \/>\n<input type=\"hidden\" name=\"_wpcf7_version\" value=\"5.3\" \/>\n<input type=\"hidden\" name=\"_wpcf7_locale\" value=\"cs_CZ\" \/>\n<input type=\"hidden\" name=\"_wpcf7_unit_tag\" value=\"wpcf7-f991-o1\" \/>\n<input type=\"hidden\" name=\"_wpcf7_container_post\" value=\"0\" \/>\n<input type=\"hidden\" name=\"_wpcf7_posted_data_hash\" value=\"\" \/>\n<input type=\"hidden\" name=\"_wpcf7_recaptcha_response\" value=\"\" \/>\n<\/div>\n<div class=\"mk-contact-form-wrapper mk-shortcode contact-dark outline-style\">\n<div class=\"mk-contact-form\">\n<div class=\"mk-form-row thirds\">\n        <span class=\"wpcf7-form-control-wrap your-name\"><input type=\"text\" name=\"your-name\" value=\"\" size=\"40\" class=\"wpcf7-form-control wpcf7-text wpcf7-validates-as-required text-input\" aria-required=\"true\" aria-invalid=\"false\" placeholder=\"Jm\u00e9no\" \/><\/span><span class=\"wpcf7-form-control-wrap your-email\"><input type=\"email\" name=\"your-email\" value=\"\" size=\"40\" class=\"wpcf7-form-control wpcf7-text wpcf7-email wpcf7-validates-as-required wpcf7-validates-as-email text-input\" aria-required=\"true\" aria-invalid=\"false\" placeholder=\"Email\" \/><\/span><span class=\"wpcf7-form-control-wrap subject\"><input type=\"text\" name=\"subject\" value=\"\" size=\"40\" class=\"wpcf7-form-control wpcf7-text text-input\" aria-invalid=\"false\" placeholder=\"P\u0159edm\u011bt\" \/><\/span>\n    <\/div>\n<div class=\"mk-form-row\">\n        <span class=\"wpcf7-form-control-wrap your-message\"><textarea name=\"your-message\" cols=\"40\" rows=\"4\" class=\"wpcf7-form-control wpcf7-textarea mk-textarea\" aria-invalid=\"false\" placeholder=\"Zpr\u00e1va\"><\/textarea><\/span>\n    <\/div>\n<div class=\"mk-form-row\">\n        <input type=\"submit\" value=\"Odeslat\" class=\"wpcf7-form-control wpcf7-submit contact-outline-submit outline-btn-dark\" \/>\n    <\/div>\n<\/div>\n<\/div>\n<div class=\"wpcf7-response-output\" aria-hidden=\"true\"><\/div><\/form><\/div>\n[\/vc_column_text][\/vc_column][\/vc_row]\n","protected":false},"excerpt":{"rendered":"<p>[vc_row fullwidth=&#8221;true&#8221; attached=&#8221;false&#8221; padding=&#8221;0&#8243;][vc_column width=&#8221;1\/1&#8243; css=&#8221;.vc_custom_1444481015737{margin-bottom: 50px !important;}&#8221;][mk_page_title_box page_title=&#8221;Reggaeton&#8221; page_subtitle=&#8221;Tanec pln\u00fd j\u00edzdy, energie a odvahy&#8221; section_height=&#8221;500&#8243; bg_type=&#8221;image&#8221; bg_image=&#8221;https:\/\/studiobaila.cz\/wp-content\/uploads\/2015\/11\/twerk.0.0.jpg&#8221; bg_position=&#8221;center top&#8221; bg_stretch=&#8221;true&#8221; bg_effects=&#8221;gradient&#8221; attachment=&#8221;scroll&#8221; text_align=&#8221;center&#8221; font_size=&#8221;50&#8243; title_letter_spacing=&#8221;3&#8243; font_color=&#8221;#ffffff&#8221; font_weight=&#8221;inherit&#8221; underline=&#8221;true&#8221; padding=&#8221;20&#8243; sub_font_size=&#8221;30&#8243; sub_font_weight=&#8221;inherit&#8221; overlay=&#8221;rgba(10,10,10,0.25)&#8221; sub_font_color=&#8221;#ffffff&#8221;][mk_divider style=&#8221;thin_solid&#8221; divider_width=&#8221;full_width&#8221; custom_width=&#8221;10&#8243; align=&#8221;center&#8221; border_color=&#8221;#bf8f38&#8243; thickness=&#8221;1&#8243; margin_top=&#8221;0&#8243; margin_bottom=&#8221;0&#8243;][\/vc_column][\/vc_row][vc_row fullwidth=&#8221;false&#8221; attached=&#8221;false&#8221; padding=&#8221;0&#8243; visibility=&#8221;&#8221; animation=&#8221;&#8221;][vc_column border_color=&#8221;&#8221; visibility=&#8221;&#8221; width=&#8221;1\/1&#8243; css=&#8221;.vc_custom_1444500986665{padding-top: 50px !important;padding-bottom: 50px !important;}&#8221;][mk_fancy_title [&hellip;]<\/p>\n","protected":false},"author":1,"featured_media":0,"parent":0,"menu_order":0,"comment_status":"closed","ping_status":"closed","template":"","meta":[],"_links":{"self":[{"href":"https:\/\/studiobaila.cz\/cs\/wp-json\/wp\/v2\/pages\/563"}],"collection":[{"href":"https:\/\/studiobaila.cz\/cs\/wp-json\/wp\/v2\/pages"}],"about":[{"href":"https:\/\/studiobaila.cz\/cs\/wp-json\/wp\/v2\/types\/page"}],"author":[{"embeddable":true,"href":"https:\/\/studiobaila.cz\/cs\/wp-json\/wp\/v2\/users\/1"}],"replies":[{"embeddable":true,"href":"https:\/\/studiobaila.cz\/cs\/wp-json\/wp\/v2\/comments?post=563"}],"version-history":[{"count":0,"href":"https:\/\/studiobaila.cz\/cs\/wp-json\/wp\/v2\/pages\/563\/revisions"}],"wp:attachment":[{"href":"https:\/\/studiobaila.cz\/cs\/wp-json\/wp\/v2\/media?parent=563"}],"curies":[{"name":"wp","href":"https:\/\/api.w.org\/{rel}","templated":true}]}}