{"id":537,"date":"2015-10-10T14:38:33","date_gmt":"2015-10-10T11:38:33","guid":{"rendered":"http:\/\/studiobaila.cz\/sample-page-2\/"},"modified":"2024-11-03T20:02:33","modified_gmt":"2024-11-03T17:02:33","slug":"sample-page","status":"publish","type":"page","link":"https:\/\/studiobaila.cz\/cs\/","title":{"rendered":"\u00davod"},"content":{"rendered":"[mk_page_section vertical_align=&#8221;center&#8221; bg_image=&#8221;https:\/\/studiobaila.cz\/wp-content\/uploads\/2015\/10\/14205939_10206834593655048_7734658773524049795_o.jpg&#8221; bg_position=&#8221;center top&#8221; bg_repeat=&#8221;no-repeat&#8221; bg_stretch=&#8221;true&#8221; min_height=&#8221;600&#8243; full_width=&#8221;true&#8221; js_vertical_centered=&#8221;true&#8221; padding_top=&#8221;100&#8243; padding_bottom=&#8221;0&#8243; el_class=&#8221;hero-banner&#8221; first_page=&#8221;false&#8221; last_page=&#8221;false&#8221; sidebar=&#8221;sidebar-event&#8221;][vc_column css=&#8221;.vc_custom_1445776955195{border-bottom-width: 0px !important;border-bottom-style: solid !important;}&#8221;][mk_fancy_title tag_name=&#8221;h1&#8243; color=&#8221;#ffffff&#8221; size=&#8221;34&#8243; force_font_size=&#8221;true&#8221; size_smallscreen=&#8221;34&#8243; size_tablet=&#8221;28&#8243; size_phone=&#8221;24&#8243; font_weight=&#8221;600&#8243; font_style=&#8221;normal&#8221; letter_spacing=&#8221;2&#8243; margin_top=&#8221;250&#8243; font_family=&#8221;Source+Sans+Pro&#8221; font_type=&#8221;google&#8221; align=&#8221;center&#8221;]BOUTIQUE STUDIO. POWER PLACE.[\/mk_fancy_title][\/vc_column][\/mk_page_section][vc_row padding=&#8221;0&#8243; css=&#8221;.vc_custom_1675000674360{margin-bottom: 80px !important;padding-top: 0px !important;padding-right: 0px !important;padding-bottom: 0px !important;padding-left: 0px !important;}&#8221;][vc_column width=&#8221;6\/12&#8243; css=&#8221;.vc_custom_1445780190397{margin-top: 50px !important;margin-bottom: 50px !important;}&#8221;][mk_fancy_title color=&#8221;#393836&#8243; size=&#8221;28&#8243; margin_bottom=&#8221;18&#8243; font_family=&#8221;none&#8221; align=&#8221;right&#8221; el_class=&#8221;fancy-title&#8221;]<strong>o studiu<\/strong>[\/mk_fancy_title][vc_column_text]R\u00e1di V\u00e1s v\u00edt\u00e1me na str\u00e1nce na\u0161eho tane\u010dn\u00edho studia! Na\u0161e studio se nach\u00e1z\u00ed v sam\u00e9m srdci Prahy, nedaleko Starom\u011bstsk\u00e9ho n\u00e1m\u011bst\u00ed v dom\u011b &#8220;U zlat\u00e9ho melounu\u00bb, tento d\u016fm m\u00e1 v\u00edce ne\u017e stoletou historii tance. V XIX stolet\u00ed v dom\u011b se nach\u00e1zela slavn\u00e1 tane\u010dn\u00ed \u0161kola, kam \u0161li tancovat zn\u00e1m\u00e9 a kreativn\u00ed lid\u00ed a \u0161lechtici se sv\u00fdmi rodinami, kte\u0159\u00ed si mohli dovolit luxus. P\u0159esn\u011b v t\u00e9to \u0161kole Jan Neruda setkal s l\u00e1skou sv\u00e9ho \u017eivota, Annou Golinovou. Krom\u011b toho, d\u016fm byl centrem kulturn\u00edho renesance Prahy. Tady prob\u011bhla prvn\u00ed tane\u010dn\u00ed beseda. Tak\u00e9 tady byla p\u016fj\u010dovna klav\u00edru, kterou \u010dasto nav\u0161t\u011bvovali Petr Ilji\u010d \u010cajkovskij, Anton Rubinstein, Sergej Rachmaninov, Gan von B\u00fclow a dal\u0161\u00ed. A to je jen mal\u00e1 \u010d\u00e1st historie tohoto domu! Ty dny jsou pry\u010d a \u0161kola dlouhou dobu byla pr\u00e1zdn\u00e1, ale te\u010f jeden ze s\u00e1l\u016f slavn\u00e9 \u0161koly op\u011bt pracuje v tv\u00e1\u0159i tane\u010dn\u00edho studia BAILA.[\/vc_column_text][mk_page_section][\/mk_page_section][\/vc_column][vc_column width=&#8221;6\/12&#8243;][vc_row_inner][vc_column_inner css=&#8221;.vc_custom_1675000586259{margin-top: 70px !important;}&#8221; offset=&#8221;vc_hidden-xs&#8221;][mk_image_slideshow images=&#8221;4369,4363,4365,4355,4359&#8243; image_width=&#8221;500&#8243; image_height=&#8221;600&#8243;][\/vc_column_inner][\/vc_row_inner][\/vc_column][vc_column offset=&#8221;vc_hidden-lg vc_hidden-md vc_hidden-sm&#8221;][vc_single_image image=&#8221;4363&#8243; img_size=&#8221;full&#8221; alignment=&#8221;center&#8221;][\/vc_column][\/vc_row][mk_page_section bg_color=&#8221;#f2f2f2&#8243; min_height=&#8221;0&#8243; full_width=&#8221;true&#8221; padding_top=&#8221;0&#8243; padding_bottom=&#8221;0&#8243; first_page=&#8221;false&#8221; last_page=&#8221;false&#8221; sidebar=&#8221;sidebar-event&#8221;][vc_column css=&#8221;.vc_custom_1445776955195{border-bottom-width: 0px !important;border-bottom-style: solid !important;}&#8221;][vc_row_inner is_fullwidth_content=&#8221;false&#8221; css=&#8221;.vc_custom_1675000718393{margin-top: 30px !important;margin-bottom: 80px !important;}&#8221;][vc_column_inner width=&#8221;6\/12&#8243; css=&#8221;.vc_custom_1675000035413{margin-top: 50px !important;}&#8221;][mk_image_slideshow images=&#8221;5637,5569,5553,5381,5409&#8243; image_width=&#8221;500&#8243; image_height=&#8221;600&#8243;][\/vc_column_inner][vc_column_inner width=&#8221;6\/12&#8243;][mk_fancy_title color=&#8221;#393836&#8243; size=&#8221;28&#8243; margin_bottom=&#8221;18&#8243; font_family=&#8221;none&#8221; el_class=&#8221;fancy-title&#8221;]<strong>tan\u010dit m\u016f\u017ee ka\u017ed\u00fd<\/strong>[\/mk_fancy_title][vc_column_text margin_bottom=&#8221;30&#8243; css=&#8221;.vc_custom_1674999410123{margin-bottom: 0px !important;}&#8221;]V studiu BAILA nem\u00e1me \u017e\u00e1dn\u00e9 omezen\u00ed t\u00fdkaj\u00edc\u00ed se v\u011bku a \u00farovni tance, v rozvrhu\u00a0najdete skupiny jak pro za\u010d\u00e1te\u010dn\u00edky tak i pro pokro\u010dil\u00e9, a to jak pro mlad\u00e9 lidi, kte\u0159\u00ed\u00a0cht\u011bj\u00ed tan\u010dit tak i pro dosp\u011bl\u00e9. A samoz\u0159ejm\u011b, po\u0159\u00e1d\u00e1me semin\u00e1\u0159e, na kter\u00fdch ka\u017ed\u00fd\u00a0m\u016f\u017ee zlep\u0161it sv\u00e9 tane\u010dn\u00ed schopnosti a nau\u010dit se sv\u016fj jedine\u010dn\u00fd styl.[\/vc_column_text][vc_separator color=&#8221;black&#8221; style=&#8221;shadow&#8221;][mk_fancy_title color=&#8221;#393836&#8243; size=&#8221;28&#8243; margin_bottom=&#8221;18&#8243; font_family=&#8221;none&#8221; align=&#8221;right&#8221; el_class=&#8221;fancy-title&#8221;]<strong>individu\u00e1ln\u00ed p\u0159\u00edstup<\/strong>[\/mk_fancy_title][vc_column_text align=&#8221;right&#8221; css=&#8221;.vc_custom_1674999391621{margin-bottom: 0px !important;}&#8221;]A nejd\u016fle\u017eit\u011bj\u0161\u00ed &#8230; V na\u0161ich t\u0159\u00edd\u00e1ch pro ka\u017ed\u00e9ho m\u00e1me individu\u00e1ln\u00ed p\u0159\u00edstup, proto po\u010det\u00a0m\u00edst v ka\u017ed\u00e9 skupin\u011b je p\u0159\u00edsn\u011b omezen, co\u017e p\u0159isp\u00edv\u00e1 nejv\u00edce efektivn\u00edmu u\u010den\u00ed. V\u00a0souvislosti s t\u00edm p\u0159edb\u011b\u017en\u00e1 rezervace je nutn\u00e1. V\u00edtejte v na\u0161em studiu BAILA![\/vc_column_text][\/vc_column_inner][\/vc_row_inner][\/vc_column][\/mk_page_section][mk_page_section bg_color=&#8221;#f9f9f9&#8243; border_color=&#8221;#e5e5e5&#8243; padding_top=&#8221;0&#8243; padding_bottom=&#8221;0&#8243; first_page=&#8221;false&#8221; last_page=&#8221;false&#8221; sidebar=&#8221;sidebar-event&#8221;][vc_column css=&#8221;.vc_custom_1445780208097{margin-top: 50px !important;}&#8221;][vc_row_inner padding=&#8221;0&#8243;][vc_column_inner][mk_fancy_title color=&#8221;#393836&#8243; size=&#8221;28&#8243; force_font_size=&#8221;true&#8221; size_phone=&#8221;24&#8243; font_weight=&#8221;bold&#8221; txt_transform=&#8221;lowercase&#8221; margin_bottom=&#8221;18&#8243; font_family=&#8221;Source+Sans+Pro&#8221; font_type=&#8221;google&#8221; align=&#8221;center&#8221; el_class=&#8221;fancy-title&#8221;]Tance[\/mk_fancy_title][vc_column_text align=&#8221;center&#8221; css=&#8221;.vc_custom_1674998022042{margin-bottom: 0px !important;}&#8221;]M\u016f\u017eete si zvolit libovoln\u00ed tane\u010dn\u00ed sm\u011br, kter\u00fd V\u00e1s zaj\u00edm\u00e1, a my ud\u011bl\u00e1me v\u0161e pro V\u00e1s nejen, abyste maxim\u00e1ln\u011b ovl\u00e1dali zvolen\u00fd tanec, ale tak\u00e9 dost\u00e1vali velkou radost a z\u00e1bavu z procesu u\u010den\u00ed.[\/vc_column_text][vc_separator style=&#8221;shadow&#8221;][\/vc_column_inner][\/vc_row_inner][vc_row_inner padding=&#8221;0&#8243;][vc_column_inner width=&#8221;1\/2&#8243;][mk_custom_list style=&#8221;mk-moon-circle-small&#8221; el_class=&#8221;classes-list&#8221;]\n<ul>\n<li style=\"list-style-type: none;\">\n<ul>\n<li><a href=\"https:\/\/studiobaila.cz\/body-ballet\/\">BODY BALLET\u00a0 \u00a0 \u00a0 \u00a0 \u00a0 \u00a0 \u00a0 \u00a0<\/a><\/li>\n<li><a href=\"https:\/\/studiobaila.cz\/\">Barre<\/a><\/li>\n<li><a href=\"https:\/\/studiobaila.cz\/stretching-2\/\">Stretching<\/a><\/li>\n<\/ul>\n<\/li>\n<\/ul>\n<p>&nbsp;[\/mk_custom_list][vc_separator style=&#8221;shadow&#8221;][\/vc_column_inner][vc_column_inner width=&#8221;1\/2&#8243;][mk_custom_list style=&#8221;mk-moon-circle-small&#8221; el_class=&#8221;classes-list&#8221;]\n<ul>\n<li><a href=\"https:\/\/studiobaila.cz\/stretching-2\/\">Stretching yoga<\/a><\/li>\n<li><a href=\"https:\/\/studiobaila.cz\/\">Sacral Dance<\/a><\/li>\n<li><a href=\"https:\/\/studiobaila.cz\/wedding-dance\/\">Wedding Dance<\/a><\/li>\n<\/ul>\n[\/mk_custom_list][vc_separator style=&#8221;shadow&#8221;][\/vc_column_inner][\/vc_row_inner][vc_btn title=&#8221;Rozvrh&#8221; style=&#8221;flat&#8221; shape=&#8221;square&#8221; color=&#8221;black&#8221; align=&#8221;center&#8221; link=&#8221;url:https%3A%2F%2Fstudiobaila.cz%2Fcs%2Fschedule%2F|||&#8221; el_class=&#8221;go-to-schedule-btn&#8221;][\/vc_column][\/mk_page_section][mk_page_section bg_image=&#8221;https:\/\/studiobaila.cz\/wp-content\/uploads\/2023\/01\/quote-background.png&#8221; attachment=&#8221;fixed&#8221; bg_position=&#8221;center top&#8221; bg_repeat=&#8221;no-repeat&#8221; bg_stretch=&#8221;true&#8221; enable_3d=&#8221;true&#8221; video_color_mask=&#8221;#000000&#8243; video_opacity=&#8221;0.8&#8243; first_page=&#8221;false&#8221; last_page=&#8221;false&#8221; sidebar=&#8221;sidebar-event&#8221;][vc_column][mk_page_title_box page_title=&#8221;Neexistuj\u00ed \u017e\u00e1dn\u00e9 limity &#8211; \u010d\u00edm v\u00edc o n\u011bco usiluje\u0161, t\u00edm d\u00e1l se dostane\u0161.&#8221; section_height=&#8221;500&#8243; bg_position=&#8221;center center&#8221; font_size=&#8221;30&#8243; title_force_font_size=&#8221;true&#8221; title_size_smallscreen=&#8221;28&#8243; title_size_tablet=&#8221;24&#8243; title_size_phone=&#8221;20&#8243; font_color=&#8221;#ffffff&#8221; underline=&#8221;false&#8221; subtitle_force_font_size=&#8221;true&#8221; subtitle_size_phone=&#8221;20&#8243; sub_font_color=&#8221;#ffffff&#8221;][\/vc_column][\/mk_page_section]\n","protected":false},"excerpt":{"rendered":"<p>[mk_page_section vertical_align=&#8221;center&#8221; bg_image=&#8221;https:\/\/studiobaila.cz\/wp-content\/uploads\/2015\/10\/14205939_10206834593655048_7734658773524049795_o.jpg&#8221; bg_position=&#8221;center top&#8221; bg_repeat=&#8221;no-repeat&#8221; bg_stretch=&#8221;true&#8221; min_height=&#8221;600&#8243; full_width=&#8221;true&#8221; js_vertical_centered=&#8221;true&#8221; padding_top=&#8221;100&#8243; padding_bottom=&#8221;0&#8243; el_class=&#8221;hero-banner&#8221; first_page=&#8221;false&#8221; last_page=&#8221;false&#8221; sidebar=&#8221;sidebar-event&#8221;][vc_column css=&#8221;.vc_custom_1445776955195{border-bottom-width: 0px !important;border-bottom-style: solid !important;}&#8221;][mk_fancy_title tag_name=&#8221;h1&#8243; color=&#8221;#ffffff&#8221; size=&#8221;34&#8243; force_font_size=&#8221;true&#8221; size_smallscreen=&#8221;34&#8243; size_tablet=&#8221;28&#8243; size_phone=&#8221;24&#8243; font_weight=&#8221;600&#8243; font_style=&#8221;normal&#8221; letter_spacing=&#8221;2&#8243; margin_top=&#8221;250&#8243; font_family=&#8221;Source+Sans+Pro&#8221; font_type=&#8221;google&#8221; align=&#8221;center&#8221;]BOUTIQUE STUDIO. POWER PLACE.[\/mk_fancy_title][\/vc_column][\/mk_page_section][vc_row padding=&#8221;0&#8243; css=&#8221;.vc_custom_1675000674360{margin-bottom: 80px !important;padding-top: 0px !important;padding-right: 0px !important;padding-bottom: 0px !important;padding-left: 0px !important;}&#8221;][vc_column width=&#8221;6\/12&#8243; css=&#8221;.vc_custom_1445780190397{margin-top: 50px !important;margin-bottom: 50px [&hellip;]<\/p>\n","protected":false},"author":1,"featured_media":0,"parent":0,"menu_order":0,"comment_status":"closed","ping_status":"open","template":"","meta":[],"_links":{"self":[{"href":"https:\/\/studiobaila.cz\/cs\/wp-json\/wp\/v2\/pages\/537"}],"collection":[{"href":"https:\/\/studiobaila.cz\/cs\/wp-json\/wp\/v2\/pages"}],"about":[{"href":"https:\/\/studiobaila.cz\/cs\/wp-json\/wp\/v2\/types\/page"}],"author":[{"embeddable":true,"href":"https:\/\/studiobaila.cz\/cs\/wp-json\/wp\/v2\/users\/1"}],"replies":[{"embeddable":true,"href":"https:\/\/studiobaila.cz\/cs\/wp-json\/wp\/v2\/comments?post=537"}],"version-history":[{"count":16,"href":"https:\/\/studiobaila.cz\/cs\/wp-json\/wp\/v2\/pages\/537\/revisions"}],"predecessor-version":[{"id":6950,"href":"https:\/\/studiobaila.cz\/cs\/wp-json\/wp\/v2\/pages\/537\/revisions\/6950"}],"wp:attachment":[{"href":"https:\/\/studiobaila.cz\/cs\/wp-json\/wp\/v2\/media?parent=537"}],"curies":[{"name":"wp","href":"https:\/\/api.w.org\/{rel}","templated":true}]}}