{"id":3489,"date":"2018-11-10T02:03:54","date_gmt":"2018-11-09T23:03:54","guid":{"rendered":"http:\/\/studiobaila.cz\/three-year-anniversary-of-school-2\/"},"modified":"2018-11-11T19:26:48","modified_gmt":"2018-11-11T16:26:48","slug":"three-year-anniversary-of-school","status":"publish","type":"page","link":"https:\/\/studiobaila.cz\/cs\/three-year-anniversary-of-school\/","title":{"rendered":"T\u0159et\u00ed v\u00fdro\u010d\u00ed \u0161koly"},"content":{"rendered":"[vc_row][vc_column][mk_gallery images=&#8221;3495,3496,3497,3498,3499,3500,3501,3502,3503,3504,3505,3506,3507,3508,3509,3510,3511,3513,3512,3514,3515,3516,3517,3518,3520,3519,3521,3522,3523,3524,3525,3526,3527,3528,3529,3530,3531,3532,3533,3534,3535,3536,3537,3538,3539,3540,3541,3542,3543,3544,3545,3546,3547,3548,3550,3551,3552,3553,3554,3555,3556,3557&#8243; style=&#8221;style3&#8243;][\/vc_column][\/vc_row]\n","protected":false},"excerpt":{"rendered":"<p>[vc_row][vc_column][mk_gallery images=&#8221;3495,3496,3497,3498,3499,3500,3501,3502,3503,3504,3505,3506,3507,3508,3509,3510,3511,3513,3512,3514,3515,3516,3517,3518,3520,3519,3521,3522,3523,3524,3525,3526,3527,3528,3529,3530,3531,3532,3533,3534,3535,3536,3537,3538,3539,3540,3541,3542,3543,3544,3545,3546,3547,3548,3550,3551,3552,3553,3554,3555,3556,3557&#8243; style=&#8221;style3&#8243;][\/vc_column][\/vc_row]<\/p>\n","protected":false},"author":1,"featured_media":0,"parent":0,"menu_order":0,"comment_status":"closed","ping_status":"closed","template":"","meta":[],"_links":{"self":[{"href":"https:\/\/studiobaila.cz\/cs\/wp-json\/wp\/v2\/pages\/3489"}],"collection":[{"href":"https:\/\/studiobaila.cz\/cs\/wp-json\/wp\/v2\/pages"}],"about":[{"href":"https:\/\/studiobaila.cz\/cs\/wp-json\/wp\/v2\/types\/page"}],"author":[{"embeddable":true,"href":"https:\/\/studiobaila.cz\/cs\/wp-json\/wp\/v2\/users\/1"}],"replies":[{"embeddable":true,"href":"https:\/\/studiobaila.cz\/cs\/wp-json\/wp\/v2\/comments?post=3489"}],"version-history":[{"count":0,"href":"https:\/\/studiobaila.cz\/cs\/wp-json\/wp\/v2\/pages\/3489\/revisions"}],"wp:attachment":[{"href":"https:\/\/studiobaila.cz\/cs\/wp-json\/wp\/v2\/media?parent=3489"}],"curies":[{"name":"wp","href":"https:\/\/api.w.org\/{rel}","templated":true}]}}