{"id":3471,"date":"2018-11-10T01:30:57","date_gmt":"2018-11-09T22:30:57","guid":{"rendered":"http:\/\/studiobaila.cz\/silver-archer-2\/"},"modified":"2018-11-10T01:39:39","modified_gmt":"2018-11-09T22:39:39","slug":"silver-archer","status":"publish","type":"page","link":"https:\/\/studiobaila.cz\/cs\/silver-archer\/","title":{"rendered":"St\u0159\u00edbrn\u00fd lukost\u0159elec"},"content":{"rendered":"[vc_row][vc_column][mk_gallery images=&#8221;3465,3464,3463&#8243;][\/vc_column][\/vc_row]\n","protected":false},"excerpt":{"rendered":"<p>[vc_row][vc_column][mk_gallery images=&#8221;3465,3464,3463&#8243;][\/vc_column][\/vc_row]<\/p>\n","protected":false},"author":1,"featured_media":0,"parent":0,"menu_order":0,"comment_status":"closed","ping_status":"closed","template":"","meta":[],"_links":{"self":[{"href":"https:\/\/studiobaila.cz\/cs\/wp-json\/wp\/v2\/pages\/3471"}],"collection":[{"href":"https:\/\/studiobaila.cz\/cs\/wp-json\/wp\/v2\/pages"}],"about":[{"href":"https:\/\/studiobaila.cz\/cs\/wp-json\/wp\/v2\/types\/page"}],"author":[{"embeddable":true,"href":"https:\/\/studiobaila.cz\/cs\/wp-json\/wp\/v2\/users\/1"}],"replies":[{"embeddable":true,"href":"https:\/\/studiobaila.cz\/cs\/wp-json\/wp\/v2\/comments?post=3471"}],"version-history":[{"count":0,"href":"https:\/\/studiobaila.cz\/cs\/wp-json\/wp\/v2\/pages\/3471\/revisions"}],"wp:attachment":[{"href":"https:\/\/studiobaila.cz\/cs\/wp-json\/wp\/v2\/media?parent=3471"}],"curies":[{"name":"wp","href":"https:\/\/api.w.org\/{rel}","templated":true}]}}