{"id":3285,"date":"2015-10-11T19:35:58","date_gmt":"2015-10-11T16:35:58","guid":{"rendered":"http:\/\/studiobaila.cz\/gallery-2\/"},"modified":"2024-11-02T19:44:06","modified_gmt":"2024-11-02T16:44:06","slug":"gallery","status":"publish","type":"page","link":"https:\/\/studiobaila.cz\/cs\/gallery\/","title":{"rendered":"Galerie"},"content":{"rendered":"[mk_page_section full_width=&#8221;true&#8221; padding_top=&#8221;0&#8243; padding_bottom=&#8221;0&#8243; first_page=&#8221;false&#8221; last_page=&#8221;false&#8221; sidebar=&#8221;sidebar-event&#8221;][vc_column][mk_page_title_box page_title=&#8221;Gallery&#8221; section_height=&#8221;700&#8243; bg_image=&#8221;https:\/\/studiobaila.cz\/wp-content\/uploads\/2015\/10\/dance_1.jpg&#8221; bg_position=&#8221;center bottom&#8221; bg_stretch=&#8221;true&#8221; overlay=&#8221;rgba(0,0,0,0.5)&#8221; bg_effects=&#8221;gradient&#8221; font_color=&#8221;#ffffff&#8221; sub_font_color=&#8221;#ffffff&#8221;][mk_divider style=&#8221;thin_solid&#8221; margin_top=&#8221;0&#8243; margin_bottom=&#8221;0&#8243;][\/vc_column][\/mk_page_section][vc_row padding=&#8221;0&#8243; css=&#8221;.vc_custom_1730565795241{padding-top: 0px !important;padding-right: 0px !important;padding-bottom: 0px !important;padding-left: 0px !important;}&#8221; el_class=&#8221;hidden&#8221;][vc_column width=&#8221;1\/3&#8243; css=&#8221;.vc_custom_1518620018469{margin-top: 50px !important;margin-bottom: 50px !important;}&#8221;][mk_title_box font_family=&#8221;none&#8221; align=&#8221;center&#8221;]Prvn\u00ed v\u00fdro\u010d\u00ed \u0161koly[\/mk_title_box][mk_circle_image src=&#8221;https:\/\/studiobaila.cz\/wp-content\/uploads\/2018\/02\/anniversary_1_7.jpg&#8221; image_diameter=&#8221;300&#8243; link=&#8221;https:\/\/studiobaila.cz\/one-year-anniversary-of-school\/&#8221;][\/vc_column][vc_column width=&#8221;1\/3&#8243; css=&#8221;.vc_custom_1444684797207{margin-top: 50px !important;margin-bottom: 50px !important;}&#8221;][mk_title_box font_family=&#8221;none&#8221; align=&#8221;center&#8221;]Dvouro\u010dn\u00ed v\u00fdro\u010d\u00ed \u0161koly[\/mk_title_box][mk_circle_image src=&#8221;https:\/\/studiobaila.cz\/wp-content\/uploads\/2018\/11\/mg_5785.jpg&#8221; image_diameter=&#8221;300&#8243; link=&#8221;https:\/\/studiobaila.cz\/cs\/two-year-anniversary-of-school\/&#8221;][\/vc_column][vc_column width=&#8221;1\/3&#8243; css=&#8221;.vc_custom_1518620032970{margin-top: 50px !important;margin-bottom: 50px !important;}&#8221;][mk_title_box font_family=&#8221;none&#8221; align=&#8221;center&#8221;]T\u0159et\u00ed v\u00fdro\u010d\u00ed\u00a0\u0161koly[\/mk_title_box][mk_circle_image src=&#8221;https:\/\/studiobaila.cz\/wp-content\/uploads\/2018\/11\/img_1894-1680&#215;1120.jpg&#8221; image_diameter=&#8221;300&#8243; link=&#8221;https:\/\/studiobaila.cz\/cs\/three-year-anniversary-of-school\/&#8221;][\/vc_column][\/vc_row][vc_row padding=&#8221;0&#8243; css=&#8221;.vc_custom_1730298006246{padding-top: 0px !important;padding-right: 0px !important;padding-bottom: 0px !important;padding-left: 0px !important;}&#8221;][vc_column width=&#8221;1\/2&#8243; css=&#8221;.vc_custom_1518620018469{margin-top: 50px !important;margin-bottom: 50px !important;}&#8221;][mk_title_box font_family=&#8221;none&#8221; align=&#8221;center&#8221;]Interi\u00e9r Studio Baila[\/mk_title_box][mk_circle_image src=&#8221;https:\/\/studiobaila.cz\/wp-content\/uploads\/2018\/02\/studiobaila_4.jpg&#8221; image_diameter=&#8221;300&#8243; link=&#8221;https:\/\/studiobaila.cz\/interior-of-studio-baila\/&#8221;][\/vc_column][vc_column width=&#8221;1\/2&#8243; css=&#8221;.vc_custom_1444684797207{margin-top: 50px !important;margin-bottom: 50px !important;}&#8221;][mk_title_box font_family=&#8221;none&#8221; align=&#8221;center&#8221;]St\u0159\u00edbrn\u00fd lukost\u0159elec[\/mk_title_box][mk_circle_image src=&#8221;https:\/\/studiobaila.cz\/wp-content\/uploads\/2015\/10\/45274020_10212637624287187_667257172689682432_o.jpg&#8221; image_diameter=&#8221;300&#8243; link=&#8221;https:\/\/studiobaila.cz\/cs\/silver-archer\/&#8221;][\/vc_column][\/vc_row][vc_row padding=&#8221;0&#8243; css=&#8221;.vc_custom_1730298006246{padding-top: 0px !important;padding-right: 0px !important;padding-bottom: 0px !important;padding-left: 0px !important;}&#8221;][vc_column width=&#8221;1\/2&#8243; css=&#8221;.vc_custom_1518620018469{margin-top: 50px !important;margin-bottom: 50px !important;}&#8221;][mk_title_box font_family=&#8221;none&#8221; align=&#8221;center&#8221;]T\u0159\u00edda body ballet[\/mk_title_box][mk_circle_image src=&#8221;https:\/\/studiobaila.cz\/wp-content\/uploads\/2018\/11\/dscf4557-1.jpg&#8221; image_diameter=&#8221;300&#8243; link=&#8221;https:\/\/studiobaila.cz\/body-ballet-lesson\/&#8221;][\/vc_column][vc_column width=&#8221;1\/2&#8243; css=&#8221;.vc_custom_1444684797207{margin-top: 50px !important;margin-bottom: 50px !important;}&#8221;][mk_title_box font_family=&#8221;none&#8221; align=&#8221;center&#8221;]T\u0159\u00edda body ballet 2[\/mk_title_box][mk_circle_image src=&#8221;https:\/\/studiobaila.cz\/wp-content\/uploads\/2019\/10\/mg_0964.jpg&#8221; image_diameter=&#8221;300&#8243; link=&#8221;https:\/\/studiobaila.cz\/body-ballet-lesson-2\/&#8221;][\/vc_column][\/vc_row][vc_row][vc_column][mk_divider style=&#8221;thin_solid&#8221; margin_top=&#8221;0&#8243; margin_bottom=&#8221;0&#8243;][\/vc_column][\/vc_row][vc_row padding=&#8221;0&#8243; el_class=&#8221;hidden&#8221; css=&#8221;.vc_custom_1730565813880{padding-top: 0px !important;padding-right: 0px !important;padding-bottom: 0px !important;padding-left: 0px !important;}&#8221;][vc_column width=&#8221;1\/3&#8243; css=&#8221;.vc_custom_1518620032970{margin-top: 50px !important;margin-bottom: 50px !important;}&#8221;][mk_title_box font_family=&#8221;none&#8221; align=&#8221;center&#8221;]\u010cty\u0159let\u00e9 v\u00fdro\u010d\u00ed \u0161koly[\/mk_title_box][mk_circle_image src=&#8221;https:\/\/studiobaila.cz\/wp-content\/uploads\/2020\/02\/7n1b8153.jpg&#8221; image_diameter=&#8221;300&#8243; link=&#8221;https:\/\/studiobaila.cz\/four-year-school-anniversary\/&#8221;][\/vc_column][vc_column width=&#8221;1\/3&#8243; css=&#8221;.vc_custom_1444684797207{margin-top: 50px !important;margin-bottom: 50px !important;}&#8221;][mk_title_box font_family=&#8221;none&#8221; align=&#8221;center&#8221;]T\u0159\u00edda zouku[\/mk_title_box][mk_circle_image src=&#8221;https:\/\/studiobaila.cz\/wp-content\/uploads\/2018\/02\/zook_6.jpg&#8221; image_diameter=&#8221;300&#8243; link=&#8221;https:\/\/studiobaila.cz\/zouk-class\/&#8221;][\/vc_column][vc_column width=&#8221;1\/3&#8243; css=&#8221;.vc_custom_1518620018469{margin-top: 50px !important;margin-bottom: 50px !important;}&#8221;][mk_title_box font_family=&#8221;none&#8221; align=&#8221;center&#8221;]T\u0159\u00edda salsy[\/mk_title_box][mk_circle_image src=&#8221;https:\/\/studiobaila.cz\/wp-content\/uploads\/2018\/02\/salsa_8.jpg&#8221; image_diameter=&#8221;300&#8243; link=&#8221;https:\/\/studiobaila.cz\/salsa-class\/&#8221;][\/vc_column][\/vc_row][vc_row][vc_column][mk_divider style=&#8221;thin_solid&#8221; margin_top=&#8221;0&#8243; margin_bottom=&#8221;0&#8243;][\/vc_column][\/vc_row][vc_row padding=&#8221;0&#8243; el_class=&#8221;hidden&#8221; css=&#8221;.vc_custom_1730565820575{padding-top: 0px !important;padding-right: 0px !important;padding-bottom: 0px !important;padding-left: 0px !important;}&#8221;][vc_column width=&#8221;1\/3&#8243; css=&#8221;.vc_custom_1542912389007{margin-top: 50px !important;border-bottom-width: 50px !important;}&#8221;][\/vc_column][vc_column width=&#8221;1\/3&#8243; css=&#8221;.vc_custom_1730297112724{margin-top: 50px !important;border-bottom-width: 50px !important;}&#8221; el_class=&#8221;hidden&#8221;][mk_title_box font_family=&#8221;none&#8221; align=&#8221;center&#8221;]\u00dasp\u011bchy na\u0161ich student\u016f[\/mk_title_box][mk_circle_image src=&#8221;https:\/\/studiobaila.cz\/wp-content\/uploads\/2018\/02\/students_attainments_15.jpg&#8221; image_diameter=&#8221;300&#8243; link=&#8221;https:\/\/studiobaila.cz\/attainments-of-our-students\/&#8221;][\/vc_column][\/vc_row][vc_row][vc_column][vc_empty_space][\/vc_column][\/vc_row]\n","protected":false},"excerpt":{"rendered":"<p>[mk_page_section full_width=&#8221;true&#8221; padding_top=&#8221;0&#8243; padding_bottom=&#8221;0&#8243; first_page=&#8221;false&#8221; last_page=&#8221;false&#8221; sidebar=&#8221;sidebar-event&#8221;][vc_column][mk_page_title_box page_title=&#8221;Gallery&#8221; section_height=&#8221;700&#8243; bg_image=&#8221;https:\/\/studiobaila.cz\/wp-content\/uploads\/2015\/10\/dance_1.jpg&#8221; bg_position=&#8221;center bottom&#8221; bg_stretch=&#8221;true&#8221; overlay=&#8221;rgba(0,0,0,0.5)&#8221; bg_effects=&#8221;gradient&#8221; font_color=&#8221;#ffffff&#8221; sub_font_color=&#8221;#ffffff&#8221;][mk_divider style=&#8221;thin_solid&#8221; margin_top=&#8221;0&#8243; margin_bottom=&#8221;0&#8243;][\/vc_column][\/mk_page_section][vc_row padding=&#8221;0&#8243; css=&#8221;.vc_custom_1730565795241{padding-top: 0px !important;padding-right: 0px !important;padding-bottom: 0px !important;padding-left: 0px !important;}&#8221; el_class=&#8221;hidden&#8221;][vc_column width=&#8221;1\/3&#8243; css=&#8221;.vc_custom_1518620018469{margin-top: 50px !important;margin-bottom: 50px !important;}&#8221;][mk_title_box font_family=&#8221;none&#8221; align=&#8221;center&#8221;]Prvn\u00ed v\u00fdro\u010d\u00ed \u0161koly[\/mk_title_box][mk_circle_image src=&#8221;https:\/\/studiobaila.cz\/wp-content\/uploads\/2018\/02\/anniversary_1_7.jpg&#8221; image_diameter=&#8221;300&#8243; link=&#8221;https:\/\/studiobaila.cz\/one-year-anniversary-of-school\/&#8221;][\/vc_column][vc_column width=&#8221;1\/3&#8243; css=&#8221;.vc_custom_1444684797207{margin-top: 50px !important;margin-bottom: 50px !important;}&#8221;][mk_title_box font_family=&#8221;none&#8221; align=&#8221;center&#8221;]Dvouro\u010dn\u00ed v\u00fdro\u010d\u00ed \u0161koly[\/mk_title_box][mk_circle_image src=&#8221;https:\/\/studiobaila.cz\/wp-content\/uploads\/2018\/11\/mg_5785.jpg&#8221; [&hellip;]<\/p>\n","protected":false},"author":1,"featured_media":0,"parent":0,"menu_order":0,"comment_status":"closed","ping_status":"closed","template":"","meta":[],"_links":{"self":[{"href":"https:\/\/studiobaila.cz\/cs\/wp-json\/wp\/v2\/pages\/3285"}],"collection":[{"href":"https:\/\/studiobaila.cz\/cs\/wp-json\/wp\/v2\/pages"}],"about":[{"href":"https:\/\/studiobaila.cz\/cs\/wp-json\/wp\/v2\/types\/page"}],"author":[{"embeddable":true,"href":"https:\/\/studiobaila.cz\/cs\/wp-json\/wp\/v2\/users\/1"}],"replies":[{"embeddable":true,"href":"https:\/\/studiobaila.cz\/cs\/wp-json\/wp\/v2\/comments?post=3285"}],"version-history":[{"count":10,"href":"https:\/\/studiobaila.cz\/cs\/wp-json\/wp\/v2\/pages\/3285\/revisions"}],"predecessor-version":[{"id":6936,"href":"https:\/\/studiobaila.cz\/cs\/wp-json\/wp\/v2\/pages\/3285\/revisions\/6936"}],"wp:attachment":[{"href":"https:\/\/studiobaila.cz\/cs\/wp-json\/wp\/v2\/media?parent=3285"}],"curies":[{"name":"wp","href":"https:\/\/api.w.org\/{rel}","templated":true}]}}