{"id":1873,"date":"2016-02-28T18:52:54","date_gmt":"2016-02-28T15:52:54","guid":{"rendered":"http:\/\/studiobaila.cz\/?page_id=1873"},"modified":"2016-03-12T18:46:09","modified_gmt":"2016-03-12T15:46:09","slug":"body-ballet","status":"publish","type":"page","link":"https:\/\/studiobaila.cz\/cs\/body-ballet\/","title":{"rendered":"Body balet"},"content":{"rendered":"[vc_row fullwidth=&#8221;true&#8221; attached=&#8221;false&#8221; padding=&#8221;0&#8243;][vc_column border_color=&#8221;&#8221; visibility=&#8221;&#8221; width=&#8221;1\/1&#8243;][mk_page_title_box page_title=&#8221;Body balet&#8221; section_height=&#8221;500&#8243; bg_type=&#8221;image&#8221; bg_position=&#8221;center center&#8221; bg_stretch=&#8221;true&#8221; overlay=&#8221;rgba(10,10,10,0.25)&#8221; bg_effects=&#8221;gradient&#8221; attachment=&#8221;scroll&#8221; text_align=&#8221;center&#8221; font_size=&#8221;50&#8243; title_letter_spacing=&#8221;3&#8243; font_color=&#8221;#dddddd&#8221; font_weight=&#8221;inherit&#8221; underline=&#8221;true&#8221; padding=&#8221;20&#8243; sub_font_size=&#8221;30&#8243; sub_font_weight=&#8221;inherit&#8221; bg_image=&#8221;https:\/\/studiobaila.cz\/wp-content\/uploads\/2016\/02\/DJG_1436-590&#215;448.jpg&#8221;][mk_divider style=&#8221;thin_solid&#8221; divider_width=&#8221;full_width&#8221; custom_width=&#8221;10&#8243; align=&#8221;center&#8221; border_color=&#8221;#bf8f38&#8243; thickness=&#8221;1&#8243; margin_top=&#8221;20&#8243; margin_bottom=&#8221;20&#8243;][\/vc_column][\/vc_row][vc_row fullwidth=&#8221;false&#8221; attached=&#8221;false&#8221; padding=&#8221;0&#8243; visibility=&#8221;&#8221; animation=&#8221;&#8221;][vc_column border_color=&#8221;&#8221; visibility=&#8221;&#8221; width=&#8221;1\/1&#8243;][mk_fancy_title tag_name=&#8221;h2&#8243; style=&#8221;false&#8221; color=&#8221;#393836&#8243; size=&#8221;28&#8243; font_weight=&#8221;inherit&#8221; font_style=&#8221;inhert&#8221; letter_spacing=&#8221;0&#8243; margin_top=&#8221;0&#8243; margin_bottom=&#8221;18&#8243; font_family=&#8221;none&#8221; align=&#8221;left&#8221;]\n<p>O programu<\/p>\n[\/mk_fancy_title][vc_column_text disable_pattern=&#8221;true&#8221; align=&#8221;left&#8221; margin_bottom=&#8221;0&#8243;]Body balet je nov\u00fd trend ve fitnesu, poch\u00e1zej\u00edc\u00ed z klasick\u00e9 choreografie. Rozmanit\u00e9 tane\u010dn\u00ed pohyby jsou pod\u00e1ny v jednodu\u0161\u0161\u00ed variant\u011b, jsou adaptovan\u00e9 pro ty, kdo nem\u00e1 p\u0159\u00edslu\u0161nou kondi\u010dku. Cvi\u010den\u00ed jsou zam\u011b\u0159ena hlavn\u011b na protahov\u00e1n\u00ed sval\u016f, pru\u017enost p\u00e1te\u0159e a pohyblivosti kloub\u016f. Hlavn\u00edmi c\u00edli body baletu jsou: nau\u010dit se ovl\u00e1dat sv\u00e9 t\u011blo, ud\u011blat ho vybran\u00fdm a ladn\u00fdm, zbavit se zbyte\u010dn\u00fdch kilogram\u016f.<br \/>\nZ\u00e1sadn\u00ed \u010d\u00e1st\u00ed cvi\u010den\u00ed jsou pohyby z klasick\u00e9ho baletu, \u010dili sp\u00e1vn\u00e9 postaven\u00ed rukou a nohou, hlavy, krku, ramen a cel\u00e9ho t\u011bla.<\/p>\n<p>Pravideln\u00e9 cvi\u010den\u00ed z body baletu V\u00e1m za n\u011bjak\u00fd \u010das zp\u016fsob\u00ed:<\/p>\n<ul>\n<li>\u0161t\u00edhl\u00e9 nohy, pru\u017en\u00e1 stehna a p\u011bknou postavu;<\/li>\n<li>ohebn\u00e1 z\u00e1da, rovn\u00e9 dr\u017een\u00ed t\u011bla;<\/li>\n<li>p\u011bknou a ladnou ch\u016fzi;<\/li>\n<li>dobrou n\u00e1ladu, co\u017e je v\u017edycky v\u00fdsledkem pravid\u00e9ln\u00e9ho sportov\u00e1n\u00ed.<\/li>\n<\/ul>\n<p>V\u00fdhoda body baletu spo\u010d\u00edv\u00e1 v tom, \u017ee je celkem vhodn\u00fd i pro za\u010d\u00e1te\u010dn\u00edky. Nejsou \u017e\u00e1dn\u00e1 v\u011bkov\u00e1 a v\u00e1hov\u00e1 omezen\u00ed. Cvi\u010den\u00ed se za\u010d\u00ednaj\u00ed s osvojen\u00ed a zopakov\u00e1n\u00ed z\u00e1klad\u016f klasick\u00e9ho tance. Po zv\u00fd\u0161en\u00ed zku\u0161enost\u00ed a osvojen\u00edm z\u00edskan\u00fdch znalost\u00ed se za\u010dneme v\u011bnovat t\u011b\u017e\u0161\u00edm pohyb\u016fm a nov\u00fdm choreografick\u00fdm kombinac\u00edm.<\/p>\n<p><span style=\"text-decoration: underline;\">Dress-code:<\/span><br \/>\nPohodln\u00e9 elastick\u00e9 oble\u010den\u00ed, baler\u00edny nebo pono\u017eky.[\/vc_column_text][\/vc_column][\/vc_row][vc_row fullwidth=&#8221;true&#8221; attached=&#8221;false&#8221; padding=&#8221;0&#8243;][vc_column border_color=&#8221;&#8221; visibility=&#8221;&#8221; width=&#8221;1\/1&#8243;][mk_gallery style=&#8221;grid&#8221; column=&#8221;5&#8243; image_size=&#8221;crop&#8221; height=&#8221;250&#8243; hover_scenarios=&#8221;fadebox&#8221; item_spacing=&#8221;8&#8243; margin_bottom=&#8221;20&#8243; frame_style=&#8221;simple&#8221; disable_title=&#8221;false&#8221; image_quality=&#8221;3&#8243; pagination=&#8221;false&#8221; count=&#8221;10&#8243; pagination_style=&#8221;1&#8243; order=&#8221;ASC&#8221; orderby=&#8221;post__in&#8221; item_id=&#8221;1456674648-56d317584b60c&#8221; images=&#8221;1880,1881,1883,1884,1885&#8243;][\/vc_column][\/vc_row][vc_row fullwidth=&#8221;false&#8221; attached=&#8221;false&#8221; padding=&#8221;0&#8243; visibility=&#8221;&#8221; animation=&#8221;&#8221;][vc_column border_color=&#8221;&#8221; visibility=&#8221;&#8221; width=&#8221;1\/1&#8243;][mk_fancy_title tag_name=&#8221;h2&#8243; style=&#8221;false&#8221; color=&#8221;#393836&#8243; size=&#8221;28&#8243; font_weight=&#8221;inherit&#8221; font_style=&#8221;inhert&#8221; letter_spacing=&#8221;0&#8243; margin_top=&#8221;0&#8243; margin_bottom=&#8221;18&#8243; font_family=&#8221;none&#8221; align=&#8221;center&#8221;]\n<p>Rozvrh<\/p>\n[\/mk_fancy_title][vc_column_text disable_pattern=&#8221;true&#8221; align=&#8221;left&#8221; margin_bottom=&#8221;0&#8243;]\n<ul class=\"timetable_clearfix tabs_box_navigation tt_responsive sf-timetable-menu\">\n\t\t\t<li class=\"tabs_box_navigation_selected\"><label>All Events<\/label><span class=\"tabs_box_navigation_icon\"><\/span><ul class=\"sub-menu\"><li><a href=\"#all-events\" title=\"All Events\">All Events<\/a><\/li><li><a href=\"#body-ballet-light\" title=\"Body balet light\">Body balet light<\/a><\/li><li><a href=\"#body-balet\" title=\"BODY BALET\">BODY BALET<\/a><\/li><li><a href=\"#body-balet-light-strecink\" title=\"Body balet + Stre\u010dink\">Body balet + Stre\u010dink<\/a><\/li><\/ul><\/li>\n\t\t<\/ul><style type=\"text\/css\">.sf-timetable-menu {display:none}.tt_tabs .tt_timetable .event{background: #4a185e;} .tt_tabs_navigation li a:hover, .tt_tabs_navigation li a.selected, .tt_tabs_navigation li.ui-tabs-active a{border-color:#4a185e !important;}.tabs_box_navigation.sf-timetable-menu .tabs_box_navigation_selected{background-color:#4a185e;border-color:#4a185e;}.tabs_box_navigation.sf-timetable-menu .tabs_box_navigation_selected:hover{background-color: #FFF; border: 1px solid rgba(0, 0, 0, 0.1);}.sf-timetable-menu li ul li a:hover, .sf-timetable-menu li ul li.selected a:hover{background-color:#4a185e;}<\/style><div class=\"timetable_clearfix tt_tabs tt_responsive event_layout_1\">\n\t\t<ul class=\"timetable_clearfix tt_tabs_navigation\" style=\"display: none;\"><li><a href=\"#all-events\" title=\"All Events\">All Events<\/a><\/li><li><a href=\"#body-ballet-light\" title=\"Body balet light\">Body balet light<\/a><\/li><li><a href=\"#body-balet\" title=\"BODY BALET\">BODY BALET<\/a><\/li><li><a href=\"#body-balet-light-strecink\" title=\"Body balet + Stre\u010dink\">Body balet + Stre\u010dink<\/a><\/li><\/ul><div id=\"all-events\"><table class=\"tt_timetable\">\n\t\t\t\t<thead>\n\t\t\t\t\t<tr class=\"row_gray\" style=\"background-color: #F0F0F0 !important;\"><th><\/th>\t<th>Pond\u011bl\u00ed<\/th>\t<th>\u00dater\u00fd<\/th>\t<th>St\u0159eda<\/th>\t<th>\u010ctvrtek<\/th>\t<th>P\u00e1tek<\/th>\t<\/tr>\n\t\t\t\t<\/thead>\n\t\t\t\t<tbody><tr class=\"row_1\"><td class=\"tt_hours_column\">\n\t\t\t\t\t11:00\n\t\t\t\t<\/td><td><\/td><td><\/td><td><\/td><td><\/td><td style=\"background: #4a185e;\" onMouseOver=\"this.style.background='#211426';\" onMouseOut=\"this.style.background='#4a185e';\" class=\"event tt_single_event\"><div class=\"event_container id-5852\"><a class=\"event_header\" href=\"https:\/\/studiobaila.cz\/cs\/body-ballet\/\" title=\"BODY BALET\">BODY BALET<\/a><div class=\"top_hour\"><span class=\"hours\">11:00<\/span><\/div><div class=\"bottom_hour\"><span class=\"hours\">11:55<\/span><\/div><\/div><\/td><\/tr><tr class=\"row_2 row_gray\"><td class=\"tt_hours_column\">\n\t\t\t\t\t12:00\n\t\t\t\t<\/td><td><\/td><td><\/td><td><\/td><td><\/td><td><\/td><\/tr><tr class=\"row_3\"><td class=\"tt_hours_column\">\n\t\t\t\t\t13:00\n\t\t\t\t<\/td><td><\/td><td><\/td><td><\/td><td><\/td><td><\/td><\/tr><tr class=\"row_4 row_gray\"><td class=\"tt_hours_column\">\n\t\t\t\t\t14:00\n\t\t\t\t<\/td><td><\/td><td><\/td><td><\/td><td><\/td><td><\/td><\/tr><tr class=\"row_5\"><td class=\"tt_hours_column\">\n\t\t\t\t\t15:00\n\t\t\t\t<\/td><td><\/td><td><\/td><td><\/td><td><\/td><td><\/td><\/tr><tr class=\"row_6 row_gray\"><td class=\"tt_hours_column\">\n\t\t\t\t\t16:00\n\t\t\t\t<\/td><td><\/td><td><\/td><td><\/td><td><\/td><td><\/td><\/tr><tr class=\"row_7\"><td class=\"tt_hours_column\">\n\t\t\t\t\t17:00\n\t\t\t\t<\/td><td style=\"background: #4a185e;\" onMouseOver=\"this.style.background='#211426';\" onMouseOut=\"this.style.background='#4a185e';\" class=\"event tt_single_event\" rowspan=\"2\"><div class=\"event_container id-5852\"><a class=\"event_header\" href=\"https:\/\/studiobaila.cz\/cs\/body-ballet\/\" title=\"BODY BALET\">BODY BALET<\/a><div class=\"top_hour\"><span class=\"hours\">17:30<\/span><\/div><div class=\"bottom_hour\"><span class=\"hours\">18:25<\/span><\/div><\/div><\/td><td><\/td><td style=\"background: #4a185e;\" onMouseOver=\"this.style.background='#211426';\" onMouseOut=\"this.style.background='#4a185e';\" class=\"event tt_single_event\" rowspan=\"2\"><div class=\"event_container id-5852\"><a class=\"event_header\" href=\"https:\/\/studiobaila.cz\/cs\/body-ballet\/\" title=\"BODY BALET\">BODY BALET<\/a><div class=\"top_hour\"><span class=\"hours\">17:30<\/span><\/div><div class=\"bottom_hour\"><span class=\"hours\">18:25<\/span><\/div><\/div><\/td><td><\/td><td><\/td><\/tr><tr class=\"row_8 row_gray\"><td class=\"tt_hours_column\">\n\t\t\t\t\t18:00\n\t\t\t\t<\/td><td><\/td><td><\/td><td><\/td><\/tr><\/tbody>\n\t\t\t<\/table><div class=\"tt_timetable small\"><h3 class=\"box_header\">\n\t\t\t\t\tPond\u011bl\u00ed\n\t\t\t\t<\/h3>\n\t\t\t\t<ul class=\"tt_items_list thin page_margin_top timetable_clearfix\"><li class=\"timetable_clearfix\"><a href=\"https:\/\/studiobaila.cz\/cs\/body-ballet\/\" title=\"BODY BALET\">BODY BALET<\/a><div class=\"value\">\n\t\t\t\t\t\t\t\t\t17:30 - 18:25\n\t\t\t\t\t\t\t\t<\/div>\n\t\t\t\t\t\t\t<\/li><\/ul><h3 class=\"box_header page_margin_top\">\n\t\t\t\t\tSt\u0159eda\n\t\t\t\t<\/h3>\n\t\t\t\t<ul class=\"tt_items_list thin page_margin_top timetable_clearfix\"><li class=\"timetable_clearfix\"><a href=\"https:\/\/studiobaila.cz\/cs\/body-ballet\/\" title=\"BODY BALET\">BODY BALET<\/a><div class=\"value\">\n\t\t\t\t\t\t\t\t\t17:30 - 18:25\n\t\t\t\t\t\t\t\t<\/div>\n\t\t\t\t\t\t\t<\/li><\/ul><h3 class=\"box_header page_margin_top\">\n\t\t\t\t\tP\u00e1tek\n\t\t\t\t<\/h3>\n\t\t\t\t<ul class=\"tt_items_list thin page_margin_top timetable_clearfix\"><li class=\"timetable_clearfix\"><a href=\"https:\/\/studiobaila.cz\/cs\/body-ballet\/\" title=\"BODY BALET\">BODY BALET<\/a><div class=\"value\">\n\t\t\t\t\t\t\t\t\t11:00 - 11:55\n\t\t\t\t\t\t\t\t<\/div>\n\t\t\t\t\t\t\t<\/li><\/ul><\/div><\/div><div id=\"body-ballet-light\" class=\"tt-ui-tabs-hide\"><table class=\"tt_timetable\">\n\t\t\t\t<thead>\n\t\t\t\t\t<tr class=\"row_gray\" style=\"background-color: #F0F0F0 !important;\"><th><\/th>\t<th>Pond\u011bl\u00ed<\/th>\t<th>\u00dater\u00fd<\/th>\t<th>St\u0159eda<\/th>\t<th>\u010ctvrtek<\/th>\t<th>P\u00e1tek<\/th>\t<\/tr>\n\t\t\t\t<\/thead>\n\t\t\t\t<tbody><\/tbody>\n\t\t\t<\/table><div class=\"tt_timetable small\"><\/div><\/div><div id=\"body-balet\" class=\"tt-ui-tabs-hide\"><table class=\"tt_timetable\">\n\t\t\t\t<thead>\n\t\t\t\t\t<tr class=\"row_gray\" style=\"background-color: #F0F0F0 !important;\"><th><\/th>\t<th>Pond\u011bl\u00ed<\/th>\t<th>\u00dater\u00fd<\/th>\t<th>St\u0159eda<\/th>\t<th>\u010ctvrtek<\/th>\t<th>P\u00e1tek<\/th>\t<\/tr>\n\t\t\t\t<\/thead>\n\t\t\t\t<tbody><tr class=\"row_1\"><td class=\"tt_hours_column\">\n\t\t\t\t\t11:00\n\t\t\t\t<\/td><td><\/td><td><\/td><td><\/td><td><\/td><td style=\"background: #4a185e;\" onMouseOver=\"this.style.background='#211426';\" onMouseOut=\"this.style.background='#4a185e';\" class=\"event tt_single_event\"><div class=\"event_container id-5852\"><a class=\"event_header\" href=\"https:\/\/studiobaila.cz\/cs\/body-ballet\/\" title=\"BODY BALET\">BODY BALET<\/a><div class=\"top_hour\"><span class=\"hours\">11:00<\/span><\/div><div class=\"bottom_hour\"><span class=\"hours\">11:55<\/span><\/div><\/div><\/td><\/tr><tr class=\"row_2 row_gray\"><td class=\"tt_hours_column\">\n\t\t\t\t\t12:00\n\t\t\t\t<\/td><td><\/td><td><\/td><td><\/td><td><\/td><td><\/td><\/tr><tr class=\"row_3\"><td class=\"tt_hours_column\">\n\t\t\t\t\t13:00\n\t\t\t\t<\/td><td><\/td><td><\/td><td><\/td><td><\/td><td><\/td><\/tr><tr class=\"row_4 row_gray\"><td class=\"tt_hours_column\">\n\t\t\t\t\t14:00\n\t\t\t\t<\/td><td><\/td><td><\/td><td><\/td><td><\/td><td><\/td><\/tr><tr class=\"row_5\"><td class=\"tt_hours_column\">\n\t\t\t\t\t15:00\n\t\t\t\t<\/td><td><\/td><td><\/td><td><\/td><td><\/td><td><\/td><\/tr><tr class=\"row_6 row_gray\"><td class=\"tt_hours_column\">\n\t\t\t\t\t16:00\n\t\t\t\t<\/td><td><\/td><td><\/td><td><\/td><td><\/td><td><\/td><\/tr><tr class=\"row_7\"><td class=\"tt_hours_column\">\n\t\t\t\t\t17:00\n\t\t\t\t<\/td><td style=\"background: #4a185e;\" onMouseOver=\"this.style.background='#211426';\" onMouseOut=\"this.style.background='#4a185e';\" class=\"event tt_single_event\" rowspan=\"2\"><div class=\"event_container id-5852\"><a class=\"event_header\" href=\"https:\/\/studiobaila.cz\/cs\/body-ballet\/\" title=\"BODY BALET\">BODY BALET<\/a><div class=\"top_hour\"><span class=\"hours\">17:30<\/span><\/div><div class=\"bottom_hour\"><span class=\"hours\">18:25<\/span><\/div><\/div><\/td><td><\/td><td style=\"background: #4a185e;\" onMouseOver=\"this.style.background='#211426';\" onMouseOut=\"this.style.background='#4a185e';\" class=\"event tt_single_event\" rowspan=\"2\"><div class=\"event_container id-5852\"><a class=\"event_header\" href=\"https:\/\/studiobaila.cz\/cs\/body-ballet\/\" title=\"BODY BALET\">BODY BALET<\/a><div class=\"top_hour\"><span class=\"hours\">17:30<\/span><\/div><div class=\"bottom_hour\"><span class=\"hours\">18:25<\/span><\/div><\/div><\/td><td><\/td><td><\/td><\/tr><tr class=\"row_8 row_gray\"><td class=\"tt_hours_column\">\n\t\t\t\t\t18:00\n\t\t\t\t<\/td><td><\/td><td><\/td><td><\/td><\/tr><\/tbody>\n\t\t\t<\/table><div class=\"tt_timetable small\"><h3 class=\"box_header\">\n\t\t\t\t\tPond\u011bl\u00ed\n\t\t\t\t<\/h3>\n\t\t\t\t<ul class=\"tt_items_list thin page_margin_top timetable_clearfix\"><li class=\"timetable_clearfix\"><a href=\"https:\/\/studiobaila.cz\/cs\/body-ballet\/\" title=\"BODY BALET\">BODY BALET<\/a><div class=\"value\">\n\t\t\t\t\t\t\t\t\t17:30 - 18:25\n\t\t\t\t\t\t\t\t<\/div>\n\t\t\t\t\t\t\t<\/li><\/ul><h3 class=\"box_header page_margin_top\">\n\t\t\t\t\tSt\u0159eda\n\t\t\t\t<\/h3>\n\t\t\t\t<ul class=\"tt_items_list thin page_margin_top timetable_clearfix\"><li class=\"timetable_clearfix\"><a href=\"https:\/\/studiobaila.cz\/cs\/body-ballet\/\" title=\"BODY BALET\">BODY BALET<\/a><div class=\"value\">\n\t\t\t\t\t\t\t\t\t17:30 - 18:25\n\t\t\t\t\t\t\t\t<\/div>\n\t\t\t\t\t\t\t<\/li><\/ul><h3 class=\"box_header page_margin_top\">\n\t\t\t\t\tP\u00e1tek\n\t\t\t\t<\/h3>\n\t\t\t\t<ul class=\"tt_items_list thin page_margin_top timetable_clearfix\"><li class=\"timetable_clearfix\"><a href=\"https:\/\/studiobaila.cz\/cs\/body-ballet\/\" title=\"BODY BALET\">BODY BALET<\/a><div class=\"value\">\n\t\t\t\t\t\t\t\t\t11:00 - 11:55\n\t\t\t\t\t\t\t\t<\/div>\n\t\t\t\t\t\t\t<\/li><\/ul><\/div><\/div><div id=\"body-balet-light-strecink\" class=\"tt-ui-tabs-hide\"><table class=\"tt_timetable\">\n\t\t\t\t<thead>\n\t\t\t\t\t<tr class=\"row_gray\" style=\"background-color: #F0F0F0 !important;\"><th><\/th>\t<th>Pond\u011bl\u00ed<\/th>\t<th>\u00dater\u00fd<\/th>\t<th>St\u0159eda<\/th>\t<th>\u010ctvrtek<\/th>\t<th>P\u00e1tek<\/th>\t<\/tr>\n\t\t\t\t<\/thead>\n\t\t\t\t<tbody><\/tbody>\n\t\t\t<\/table><div class=\"tt_timetable small\"><\/div><\/div><\/div>\n[\/vc_column_text][\/vc_column][\/vc_row][vc_row fullwidth=&#8221;false&#8221; attached=&#8221;false&#8221; padding=&#8221;0&#8243; visibility=&#8221;&#8221; animation=&#8221;&#8221;][vc_column border_color=&#8221;&#8221; visibility=&#8221;&#8221; width=&#8221;1\/2&#8243;][mk_fancy_title tag_name=&#8221;h2&#8243; style=&#8221;false&#8221; color=&#8221;#393836&#8243; size=&#8221;28&#8243; font_weight=&#8221;inherit&#8221; font_style=&#8221;inhert&#8221; letter_spacing=&#8221;0&#8243; margin_top=&#8221;0&#8243; margin_bottom=&#8221;18&#8243; font_family=&#8221;none&#8221; align=&#8221;left&#8221;]\n<p>ZANECHAT VZKAZ<\/p>\n[\/mk_fancy_title][vc_column_text disable_pattern=&#8221;true&#8221; align=&#8221;left&#8221; margin_bottom=&#8221;0&#8243;]\n<p>Chcete za\u010d\u00edt tancovat? Je to snadn\u00e9! Zavolejte n\u00e1m na:<\/p>\n[\/vc_column_text][mk_fancy_title tag_name=&#8221;h2&#8243; style=&#8221;false&#8221; color=&#8221;#393836&#8243; size=&#8221;26&#8243; font_weight=&#8221;inherit&#8221; font_style=&#8221;inhert&#8221; letter_spacing=&#8221;0&#8243; margin_top=&#8221;0&#8243; margin_bottom=&#8221;18&#8243; font_family=&#8221;none&#8221; align=&#8221;center&#8221;]\n<p>+420 773 135 573<\/p>\n[\/mk_fancy_title][vc_column_text disable_pattern=&#8221;true&#8221; align=&#8221;left&#8221; margin_bottom=&#8221;0&#8243;]Nebo pou\u017eijte kontaktn\u00ed formul\u00e1\u0159 na prav\u00e9 stran\u011b.<\/p>\n<p>\u010cek\u00e1me na v\u00e1s v na\u0161em studiu![\/vc_column_text][\/vc_column][vc_column border_color=&#8221;&#8221; visibility=&#8221;&#8221; width=&#8221;1\/2&#8243;][vc_column_text disable_pattern=&#8221;true&#8221; align=&#8221;left&#8221; margin_bottom=&#8221;0&#8243;]\n<div role=\"form\" class=\"wpcf7\" id=\"wpcf7-f991-o1\" lang=\"cs-CZ\" dir=\"ltr\">\n<div class=\"screen-reader-response\"><p role=\"status\" aria-live=\"polite\" aria-atomic=\"true\"><\/p> <ul><\/ul><\/div>\n<form action=\"\/cs\/wp-json\/wp\/v2\/pages\/1873#wpcf7-f991-o1\" method=\"post\" class=\"wpcf7-form init\" novalidate=\"novalidate\" data-status=\"init\">\n<div style=\"display: none;\">\n<input type=\"hidden\" name=\"_wpcf7\" value=\"991\" \/>\n<input type=\"hidden\" name=\"_wpcf7_version\" value=\"5.3\" \/>\n<input type=\"hidden\" name=\"_wpcf7_locale\" value=\"cs_CZ\" \/>\n<input type=\"hidden\" name=\"_wpcf7_unit_tag\" value=\"wpcf7-f991-o1\" \/>\n<input type=\"hidden\" name=\"_wpcf7_container_post\" value=\"0\" \/>\n<input type=\"hidden\" name=\"_wpcf7_posted_data_hash\" value=\"\" \/>\n<input type=\"hidden\" name=\"_wpcf7_recaptcha_response\" value=\"\" \/>\n<\/div>\n<div class=\"mk-contact-form-wrapper mk-shortcode contact-dark outline-style\">\n<div class=\"mk-contact-form\">\n<div class=\"mk-form-row thirds\">\n        <span class=\"wpcf7-form-control-wrap your-name\"><input type=\"text\" name=\"your-name\" value=\"\" size=\"40\" class=\"wpcf7-form-control wpcf7-text wpcf7-validates-as-required text-input\" aria-required=\"true\" aria-invalid=\"false\" placeholder=\"Jm\u00e9no\" \/><\/span><span class=\"wpcf7-form-control-wrap your-email\"><input type=\"email\" name=\"your-email\" value=\"\" size=\"40\" class=\"wpcf7-form-control wpcf7-text wpcf7-email wpcf7-validates-as-required wpcf7-validates-as-email text-input\" aria-required=\"true\" aria-invalid=\"false\" placeholder=\"Email\" \/><\/span><span class=\"wpcf7-form-control-wrap subject\"><input type=\"text\" name=\"subject\" value=\"\" size=\"40\" class=\"wpcf7-form-control wpcf7-text text-input\" aria-invalid=\"false\" placeholder=\"P\u0159edm\u011bt\" \/><\/span>\n    <\/div>\n<div class=\"mk-form-row\">\n        <span class=\"wpcf7-form-control-wrap your-message\"><textarea name=\"your-message\" cols=\"40\" rows=\"4\" class=\"wpcf7-form-control wpcf7-textarea mk-textarea\" aria-invalid=\"false\" placeholder=\"Zpr\u00e1va\"><\/textarea><\/span>\n    <\/div>\n<div class=\"mk-form-row\">\n        <input type=\"submit\" value=\"Odeslat\" class=\"wpcf7-form-control wpcf7-submit contact-outline-submit outline-btn-dark\" \/>\n    <\/div>\n<\/div>\n<\/div>\n<div class=\"wpcf7-response-output\" aria-hidden=\"true\"><\/div><\/form><\/div>\n[\/vc_column_text][\/vc_column][\/vc_row]\n","protected":false},"excerpt":{"rendered":"<p>[vc_row fullwidth=&#8221;true&#8221; attached=&#8221;false&#8221; padding=&#8221;0&#8243;][vc_column border_color=&#8221;&#8221; visibility=&#8221;&#8221; width=&#8221;1\/1&#8243;][mk_page_title_box page_title=&#8221;Body balet&#8221; section_height=&#8221;500&#8243; bg_type=&#8221;image&#8221; bg_position=&#8221;center center&#8221; bg_stretch=&#8221;true&#8221; overlay=&#8221;rgba(10,10,10,0.25)&#8221; bg_effects=&#8221;gradient&#8221; attachment=&#8221;scroll&#8221; text_align=&#8221;center&#8221; font_size=&#8221;50&#8243; title_letter_spacing=&#8221;3&#8243; font_color=&#8221;#dddddd&#8221; font_weight=&#8221;inherit&#8221; underline=&#8221;true&#8221; padding=&#8221;20&#8243; sub_font_size=&#8221;30&#8243; sub_font_weight=&#8221;inherit&#8221; bg_image=&#8221;https:\/\/studiobaila.cz\/wp-content\/uploads\/2016\/02\/DJG_1436-590&#215;448.jpg&#8221;][mk_divider style=&#8221;thin_solid&#8221; divider_width=&#8221;full_width&#8221; custom_width=&#8221;10&#8243; align=&#8221;center&#8221; border_color=&#8221;#bf8f38&#8243; thickness=&#8221;1&#8243; margin_top=&#8221;20&#8243; margin_bottom=&#8221;20&#8243;][\/vc_column][\/vc_row][vc_row fullwidth=&#8221;false&#8221; attached=&#8221;false&#8221; padding=&#8221;0&#8243; visibility=&#8221;&#8221; animation=&#8221;&#8221;][vc_column border_color=&#8221;&#8221; visibility=&#8221;&#8221; width=&#8221;1\/1&#8243;][mk_fancy_title tag_name=&#8221;h2&#8243; style=&#8221;false&#8221; color=&#8221;#393836&#8243; size=&#8221;28&#8243; font_weight=&#8221;inherit&#8221; font_style=&#8221;inhert&#8221; letter_spacing=&#8221;0&#8243; margin_top=&#8221;0&#8243; margin_bottom=&#8221;18&#8243; font_family=&#8221;none&#8221; align=&#8221;left&#8221;] O [&hellip;]<\/p>\n","protected":false},"author":1,"featured_media":0,"parent":0,"menu_order":0,"comment_status":"closed","ping_status":"closed","template":"","meta":[],"_links":{"self":[{"href":"https:\/\/studiobaila.cz\/cs\/wp-json\/wp\/v2\/pages\/1873"}],"collection":[{"href":"https:\/\/studiobaila.cz\/cs\/wp-json\/wp\/v2\/pages"}],"about":[{"href":"https:\/\/studiobaila.cz\/cs\/wp-json\/wp\/v2\/types\/page"}],"author":[{"embeddable":true,"href":"https:\/\/studiobaila.cz\/cs\/wp-json\/wp\/v2\/users\/1"}],"replies":[{"embeddable":true,"href":"https:\/\/studiobaila.cz\/cs\/wp-json\/wp\/v2\/comments?post=1873"}],"version-history":[{"count":0,"href":"https:\/\/studiobaila.cz\/cs\/wp-json\/wp\/v2\/pages\/1873\/revisions"}],"wp:attachment":[{"href":"https:\/\/studiobaila.cz\/cs\/wp-json\/wp\/v2\/media?parent=1873"}],"curies":[{"name":"wp","href":"https:\/\/api.w.org\/{rel}","templated":true}]}}