{"id":1749,"date":"2016-02-24T01:51:41","date_gmt":"2016-02-23T22:51:41","guid":{"rendered":"http:\/\/studiobaila.cz\/?page_id=1749"},"modified":"2016-02-28T00:36:31","modified_gmt":"2016-02-27T21:36:31","slug":"strecink","status":"publish","type":"page","link":"https:\/\/studiobaila.cz\/cs\/strecink\/","title":{"rendered":"Stre\u010dink"},"content":{"rendered":"[vc_row fullwidth=&#8221;true&#8221; attached=&#8221;false&#8221; padding=&#8221;0&#8243;][vc_column border_color=&#8221;&#8221; visibility=&#8221;&#8221; width=&#8221;1\/1&#8243;][mk_page_title_box page_title=&#8221;Stre\u010dink&#8221; section_height=&#8221;400&#8243; bg_type=&#8221;image&#8221; bg_position=&#8221;center top&#8221; bg_stretch=&#8221;true&#8221; attachment=&#8221;scroll&#8221; text_align=&#8221;center&#8221; font_size=&#8221;50&#8243; title_letter_spacing=&#8221;3&#8243; font_color=&#8221;#dddddd&#8221; font_weight=&#8221;inherit&#8221; underline=&#8221;true&#8221; padding=&#8221;20&#8243; sub_font_size=&#8221;30&#8243; sub_font_weight=&#8221;inherit&#8221; overlay=&#8221;rgba(10,10,10,0.25)&#8221;][mk_divider style=&#8221;thin_solid&#8221; divider_width=&#8221;full_width&#8221; custom_width=&#8221;10&#8243; align=&#8221;center&#8221; border_color=&#8221;#bf8f38&#8243; thickness=&#8221;1&#8243; margin_top=&#8221;20&#8243; margin_bottom=&#8221;20&#8243;][\/vc_column][\/vc_row][vc_row fullwidth=&#8221;false&#8221; attached=&#8221;false&#8221; padding=&#8221;0&#8243; visibility=&#8221;&#8221; animation=&#8221;&#8221;][vc_column border_color=&#8221;&#8221; visibility=&#8221;&#8221; width=&#8221;1\/1&#8243;][mk_fancy_title tag_name=&#8221;h2&#8243; style=&#8221;false&#8221; color=&#8221;#393836&#8243; size=&#8221;28&#8243; font_weight=&#8221;inherit&#8221; font_style=&#8221;inhert&#8221; letter_spacing=&#8221;0&#8243; margin_top=&#8221;0&#8243; margin_bottom=&#8221;18&#8243; font_family=&#8221;none&#8221; align=&#8221;center&#8221;]\n<p>Rozvrh<\/p>\n[\/mk_fancy_title][vc_column_text disable_pattern=&#8221;true&#8221; align=&#8221;left&#8221; margin_bottom=&#8221;0&#8243;]\n<ul class=\"timetable_clearfix tabs_box_navigation tt_responsive sf-timetable-menu\">\n\t\t\t<li class=\"tabs_box_navigation_selected\"><label>All Events<\/label><span class=\"tabs_box_navigation_icon\"><\/span><ul class=\"sub-menu\"><li><a href=\"#all-events\" title=\"All Events\">All Events<\/a><\/li><li><a href=\"#strecink\" title=\"STRE\u010cINK\">STRE\u010cINK<\/a><\/li><\/ul><\/li>\n\t\t<\/ul><style type=\"text\/css\">.sf-timetable-menu {display:none}.tt_tabs .tt_timetable .event{background: #4a185e;} .tt_tabs_navigation li a:hover, .tt_tabs_navigation li a.selected, .tt_tabs_navigation li.ui-tabs-active a{border-color:#4a185e !important;}.tabs_box_navigation.sf-timetable-menu .tabs_box_navigation_selected{background-color:#4a185e;border-color:#4a185e;}.tabs_box_navigation.sf-timetable-menu .tabs_box_navigation_selected:hover{background-color: #FFF; border: 1px solid rgba(0, 0, 0, 0.1);}.sf-timetable-menu li ul li a:hover, .sf-timetable-menu li ul li.selected a:hover{background-color:#4a185e;}<\/style><div class=\"timetable_clearfix tt_tabs tt_responsive event_layout_1\">\n\t\t<ul class=\"timetable_clearfix tt_tabs_navigation\" style=\"display: none;\"><li><a href=\"#all-events\" title=\"All Events\">All Events<\/a><\/li><li><a href=\"#strecink\" title=\"STRE\u010cINK\">STRE\u010cINK<\/a><\/li><\/ul><div id=\"all-events\"><table class=\"tt_timetable\">\n\t\t\t\t<thead>\n\t\t\t\t\t<tr class=\"row_gray\" style=\"background-color: #F0F0F0 !important;\"><th><\/th>\t<th>Pond\u011bl\u00ed<\/th>\t<th>\u00dater\u00fd<\/th>\t<th>St\u0159eda<\/th>\t<th>\u010ctvrtek<\/th>\t<th>P\u00e1tek<\/th>\t<\/tr>\n\t\t\t\t<\/thead>\n\t\t\t\t<tbody><tr class=\"row_1\"><td class=\"tt_hours_column\">\n\t\t\t\t\t12:00\n\t\t\t\t<\/td><td style=\"background: #4a185e;\" onMouseOver=\"this.style.background='#211426';\" onMouseOut=\"this.style.background='#4a185e';\" class=\"event tt_single_event\"><div class=\"event_container id-5854\"><a class=\"event_header\" href=\"https:\/\/studiobaila.cz\/cs\/strecink\/\" title=\"STRE\u010cINK\">STRE\u010cINK<\/a><div class=\"top_hour\"><span class=\"hours\">12:00<\/span><\/div><div class=\"bottom_hour\"><span class=\"hours\">12:55<\/span><\/div><\/div><\/td><td><\/td><td><\/td><td><\/td><td style=\"background: #4a185e;\" onMouseOver=\"this.style.background='#211426';\" onMouseOut=\"this.style.background='#4a185e';\" class=\"event tt_single_event\"><div class=\"event_container id-5854\"><a class=\"event_header\" href=\"https:\/\/studiobaila.cz\/cs\/strecink\/\" title=\"STRE\u010cINK\">STRE\u010cINK<\/a><div class=\"top_hour\"><span class=\"hours\">12:00<\/span><\/div><div class=\"bottom_hour\"><span class=\"hours\">12:55<\/span><\/div><\/div><\/td><\/tr><tr class=\"row_2 row_gray\"><td class=\"tt_hours_column\">\n\t\t\t\t\t13:00\n\t\t\t\t<\/td><td><\/td><td><\/td><td><\/td><td><\/td><td><\/td><\/tr><tr class=\"row_3\"><td class=\"tt_hours_column\">\n\t\t\t\t\t14:00\n\t\t\t\t<\/td><td><\/td><td><\/td><td><\/td><td><\/td><td><\/td><\/tr><tr class=\"row_4 row_gray\"><td class=\"tt_hours_column\">\n\t\t\t\t\t15:00\n\t\t\t\t<\/td><td><\/td><td><\/td><td><\/td><td><\/td><td><\/td><\/tr><tr class=\"row_5\"><td class=\"tt_hours_column\">\n\t\t\t\t\t16:00\n\t\t\t\t<\/td><td><\/td><td><\/td><td><\/td><td><\/td><td><\/td><\/tr><tr class=\"row_6 row_gray\"><td class=\"tt_hours_column\">\n\t\t\t\t\t17:00\n\t\t\t\t<\/td><td><\/td><td><\/td><td><\/td><td><\/td><td><\/td><\/tr><tr class=\"row_7\"><td class=\"tt_hours_column\">\n\t\t\t\t\t18:00\n\t\t\t\t<\/td><td style=\"background: #4a185e;\" onMouseOver=\"this.style.background='#211426';\" onMouseOut=\"this.style.background='#4a185e';\" class=\"event tt_single_event\" rowspan=\"2\"><div class=\"event_container id-5854\"><a class=\"event_header\" href=\"https:\/\/studiobaila.cz\/cs\/strecink\/\" title=\"STRE\u010cINK\">STRE\u010cINK<\/a><div class=\"top_hour\"><span class=\"hours\">18:30<\/span><\/div><div class=\"bottom_hour\"><span class=\"hours\">19:25<\/span><\/div><\/div><\/td><td><\/td><td style=\"background: #4a185e;\" onMouseOver=\"this.style.background='#211426';\" onMouseOut=\"this.style.background='#4a185e';\" class=\"event tt_single_event\" rowspan=\"2\"><div class=\"event_container id-5854\"><a class=\"event_header\" href=\"https:\/\/studiobaila.cz\/cs\/strecink\/\" title=\"STRE\u010cINK\">STRE\u010cINK<\/a><div class=\"top_hour\"><span class=\"hours\">18:30<\/span><\/div><div class=\"bottom_hour\"><span class=\"hours\">19:25<\/span><\/div><\/div><\/td><td><\/td><td><\/td><\/tr><tr class=\"row_8 row_gray\"><td class=\"tt_hours_column\">\n\t\t\t\t\t19:00\n\t\t\t\t<\/td><td><\/td><td><\/td><td><\/td><\/tr><\/tbody>\n\t\t\t<\/table><div class=\"tt_timetable small\"><h3 class=\"box_header\">\n\t\t\t\t\tPond\u011bl\u00ed\n\t\t\t\t<\/h3>\n\t\t\t\t<ul class=\"tt_items_list thin page_margin_top timetable_clearfix\"><li class=\"timetable_clearfix\"><a href=\"https:\/\/studiobaila.cz\/cs\/strecink\/\" title=\"STRE\u010cINK\">STRE\u010cINK<\/a><div class=\"value\">\n\t\t\t\t\t\t\t\t\t12:00 - 12:55\n\t\t\t\t\t\t\t\t<\/div>\n\t\t\t\t\t\t\t<\/li><li class=\"timetable_clearfix\"><a href=\"https:\/\/studiobaila.cz\/cs\/strecink\/\" title=\"STRE\u010cINK\">STRE\u010cINK<\/a><div class=\"value\">\n\t\t\t\t\t\t\t\t\t18:30 - 19:25\n\t\t\t\t\t\t\t\t<\/div>\n\t\t\t\t\t\t\t<\/li><\/ul><h3 class=\"box_header page_margin_top\">\n\t\t\t\t\tSt\u0159eda\n\t\t\t\t<\/h3>\n\t\t\t\t<ul class=\"tt_items_list thin page_margin_top timetable_clearfix\"><li class=\"timetable_clearfix\"><a href=\"https:\/\/studiobaila.cz\/cs\/strecink\/\" title=\"STRE\u010cINK\">STRE\u010cINK<\/a><div class=\"value\">\n\t\t\t\t\t\t\t\t\t18:30 - 19:25\n\t\t\t\t\t\t\t\t<\/div>\n\t\t\t\t\t\t\t<\/li><\/ul><h3 class=\"box_header page_margin_top\">\n\t\t\t\t\tP\u00e1tek\n\t\t\t\t<\/h3>\n\t\t\t\t<ul class=\"tt_items_list thin page_margin_top timetable_clearfix\"><li class=\"timetable_clearfix\"><a href=\"https:\/\/studiobaila.cz\/cs\/strecink\/\" title=\"STRE\u010cINK\">STRE\u010cINK<\/a><div class=\"value\">\n\t\t\t\t\t\t\t\t\t12:00 - 12:55\n\t\t\t\t\t\t\t\t<\/div>\n\t\t\t\t\t\t\t<\/li><\/ul><\/div><\/div><div id=\"strecink\" class=\"tt-ui-tabs-hide\"><table class=\"tt_timetable\">\n\t\t\t\t<thead>\n\t\t\t\t\t<tr class=\"row_gray\" style=\"background-color: #F0F0F0 !important;\"><th><\/th>\t<th>Pond\u011bl\u00ed<\/th>\t<th>\u00dater\u00fd<\/th>\t<th>St\u0159eda<\/th>\t<th>\u010ctvrtek<\/th>\t<th>P\u00e1tek<\/th>\t<\/tr>\n\t\t\t\t<\/thead>\n\t\t\t\t<tbody><tr class=\"row_1\"><td class=\"tt_hours_column\">\n\t\t\t\t\t12:00\n\t\t\t\t<\/td><td style=\"background: #4a185e;\" onMouseOver=\"this.style.background='#211426';\" onMouseOut=\"this.style.background='#4a185e';\" class=\"event tt_single_event\"><div class=\"event_container id-5854\"><a class=\"event_header\" href=\"https:\/\/studiobaila.cz\/cs\/strecink\/\" title=\"STRE\u010cINK\">STRE\u010cINK<\/a><div class=\"top_hour\"><span class=\"hours\">12:00<\/span><\/div><div class=\"bottom_hour\"><span class=\"hours\">12:55<\/span><\/div><\/div><\/td><td><\/td><td><\/td><td><\/td><td style=\"background: #4a185e;\" onMouseOver=\"this.style.background='#211426';\" onMouseOut=\"this.style.background='#4a185e';\" class=\"event tt_single_event\"><div class=\"event_container id-5854\"><a class=\"event_header\" href=\"https:\/\/studiobaila.cz\/cs\/strecink\/\" title=\"STRE\u010cINK\">STRE\u010cINK<\/a><div class=\"top_hour\"><span class=\"hours\">12:00<\/span><\/div><div class=\"bottom_hour\"><span class=\"hours\">12:55<\/span><\/div><\/div><\/td><\/tr><tr class=\"row_2 row_gray\"><td class=\"tt_hours_column\">\n\t\t\t\t\t13:00\n\t\t\t\t<\/td><td><\/td><td><\/td><td><\/td><td><\/td><td><\/td><\/tr><tr class=\"row_3\"><td class=\"tt_hours_column\">\n\t\t\t\t\t14:00\n\t\t\t\t<\/td><td><\/td><td><\/td><td><\/td><td><\/td><td><\/td><\/tr><tr class=\"row_4 row_gray\"><td class=\"tt_hours_column\">\n\t\t\t\t\t15:00\n\t\t\t\t<\/td><td><\/td><td><\/td><td><\/td><td><\/td><td><\/td><\/tr><tr class=\"row_5\"><td class=\"tt_hours_column\">\n\t\t\t\t\t16:00\n\t\t\t\t<\/td><td><\/td><td><\/td><td><\/td><td><\/td><td><\/td><\/tr><tr class=\"row_6 row_gray\"><td class=\"tt_hours_column\">\n\t\t\t\t\t17:00\n\t\t\t\t<\/td><td><\/td><td><\/td><td><\/td><td><\/td><td><\/td><\/tr><tr class=\"row_7\"><td class=\"tt_hours_column\">\n\t\t\t\t\t18:00\n\t\t\t\t<\/td><td style=\"background: #4a185e;\" onMouseOver=\"this.style.background='#211426';\" onMouseOut=\"this.style.background='#4a185e';\" class=\"event tt_single_event\" rowspan=\"2\"><div class=\"event_container id-5854\"><a class=\"event_header\" href=\"https:\/\/studiobaila.cz\/cs\/strecink\/\" title=\"STRE\u010cINK\">STRE\u010cINK<\/a><div class=\"top_hour\"><span class=\"hours\">18:30<\/span><\/div><div class=\"bottom_hour\"><span class=\"hours\">19:25<\/span><\/div><\/div><\/td><td><\/td><td style=\"background: #4a185e;\" onMouseOver=\"this.style.background='#211426';\" onMouseOut=\"this.style.background='#4a185e';\" class=\"event tt_single_event\" rowspan=\"2\"><div class=\"event_container id-5854\"><a class=\"event_header\" href=\"https:\/\/studiobaila.cz\/cs\/strecink\/\" title=\"STRE\u010cINK\">STRE\u010cINK<\/a><div class=\"top_hour\"><span class=\"hours\">18:30<\/span><\/div><div class=\"bottom_hour\"><span class=\"hours\">19:25<\/span><\/div><\/div><\/td><td><\/td><td><\/td><\/tr><tr class=\"row_8 row_gray\"><td class=\"tt_hours_column\">\n\t\t\t\t\t19:00\n\t\t\t\t<\/td><td><\/td><td><\/td><td><\/td><\/tr><\/tbody>\n\t\t\t<\/table><div class=\"tt_timetable small\"><h3 class=\"box_header\">\n\t\t\t\t\tPond\u011bl\u00ed\n\t\t\t\t<\/h3>\n\t\t\t\t<ul class=\"tt_items_list thin page_margin_top timetable_clearfix\"><li class=\"timetable_clearfix\"><a href=\"https:\/\/studiobaila.cz\/cs\/strecink\/\" title=\"STRE\u010cINK\">STRE\u010cINK<\/a><div class=\"value\">\n\t\t\t\t\t\t\t\t\t12:00 - 12:55\n\t\t\t\t\t\t\t\t<\/div>\n\t\t\t\t\t\t\t<\/li><li class=\"timetable_clearfix\"><a href=\"https:\/\/studiobaila.cz\/cs\/strecink\/\" title=\"STRE\u010cINK\">STRE\u010cINK<\/a><div class=\"value\">\n\t\t\t\t\t\t\t\t\t18:30 - 19:25\n\t\t\t\t\t\t\t\t<\/div>\n\t\t\t\t\t\t\t<\/li><\/ul><h3 class=\"box_header page_margin_top\">\n\t\t\t\t\tSt\u0159eda\n\t\t\t\t<\/h3>\n\t\t\t\t<ul class=\"tt_items_list thin page_margin_top timetable_clearfix\"><li class=\"timetable_clearfix\"><a href=\"https:\/\/studiobaila.cz\/cs\/strecink\/\" title=\"STRE\u010cINK\">STRE\u010cINK<\/a><div class=\"value\">\n\t\t\t\t\t\t\t\t\t18:30 - 19:25\n\t\t\t\t\t\t\t\t<\/div>\n\t\t\t\t\t\t\t<\/li><\/ul><h3 class=\"box_header page_margin_top\">\n\t\t\t\t\tP\u00e1tek\n\t\t\t\t<\/h3>\n\t\t\t\t<ul class=\"tt_items_list thin page_margin_top timetable_clearfix\"><li class=\"timetable_clearfix\"><a href=\"https:\/\/studiobaila.cz\/cs\/strecink\/\" title=\"STRE\u010cINK\">STRE\u010cINK<\/a><div class=\"value\">\n\t\t\t\t\t\t\t\t\t12:00 - 12:55\n\t\t\t\t\t\t\t\t<\/div>\n\t\t\t\t\t\t\t<\/li><\/ul><\/div><\/div><\/div>\n[\/vc_column_text][\/vc_column][\/vc_row][vc_row fullwidth=&#8221;false&#8221; attached=&#8221;false&#8221; padding=&#8221;0&#8243; visibility=&#8221;&#8221; animation=&#8221;&#8221;][vc_column border_color=&#8221;&#8221; visibility=&#8221;&#8221; width=&#8221;1\/2&#8243;][mk_fancy_title tag_name=&#8221;h2&#8243; style=&#8221;false&#8221; color=&#8221;#393836&#8243; size=&#8221;14&#8243; font_weight=&#8221;inherit&#8221; font_style=&#8221;inhert&#8221; letter_spacing=&#8221;0&#8243; margin_top=&#8221;0&#8243; margin_bottom=&#8221;18&#8243; font_family=&#8221;none&#8221; align=&#8221;left&#8221;]\n<p>Zanechat vzkaz<\/p>\n[\/mk_fancy_title][vc_column_text disable_pattern=&#8221;true&#8221; align=&#8221;left&#8221; margin_bottom=&#8221;0&#8243;]\n<p>Chcete za\u010d\u00edt tancovat? Je to snadn\u00e9! Zavolejte n\u00e1m na:<\/p>\n[\/vc_column_text][mk_fancy_title tag_name=&#8221;h2&#8243; style=&#8221;false&#8221; color=&#8221;#393836&#8243; size=&#8221;26&#8243; font_weight=&#8221;inherit&#8221; font_style=&#8221;inhert&#8221; letter_spacing=&#8221;0&#8243; margin_top=&#8221;0&#8243; margin_bottom=&#8221;18&#8243; font_family=&#8221;none&#8221; align=&#8221;center&#8221;]\n<p>+420 773 135 573<\/p>\n[\/mk_fancy_title][vc_column_text disable_pattern=&#8221;true&#8221; align=&#8221;left&#8221; margin_bottom=&#8221;0&#8243;]Nebo pou\u017eijte kontaktn\u00ed formul\u00e1\u0159 na prav\u00e9 stran\u011b.<\/p>\n<p>\u010cek\u00e1me na v\u00e1s v na\u0161em studiu![\/vc_column_text][\/vc_column][vc_column border_color=&#8221;&#8221; visibility=&#8221;&#8221; width=&#8221;1\/2&#8243;][vc_column_text disable_pattern=&#8221;true&#8221; align=&#8221;left&#8221; margin_bottom=&#8221;0&#8243;]\n<div role=\"form\" class=\"wpcf7\" id=\"wpcf7-f991-o1\" lang=\"cs-CZ\" dir=\"ltr\">\n<div class=\"screen-reader-response\"><p role=\"status\" aria-live=\"polite\" aria-atomic=\"true\"><\/p> <ul><\/ul><\/div>\n<form action=\"\/cs\/wp-json\/wp\/v2\/pages\/1749#wpcf7-f991-o1\" method=\"post\" class=\"wpcf7-form init\" novalidate=\"novalidate\" data-status=\"init\">\n<div style=\"display: none;\">\n<input type=\"hidden\" name=\"_wpcf7\" value=\"991\" \/>\n<input type=\"hidden\" name=\"_wpcf7_version\" value=\"5.3\" \/>\n<input type=\"hidden\" name=\"_wpcf7_locale\" value=\"cs_CZ\" \/>\n<input type=\"hidden\" name=\"_wpcf7_unit_tag\" value=\"wpcf7-f991-o1\" \/>\n<input type=\"hidden\" name=\"_wpcf7_container_post\" value=\"0\" \/>\n<input type=\"hidden\" name=\"_wpcf7_posted_data_hash\" value=\"\" \/>\n<input type=\"hidden\" name=\"_wpcf7_recaptcha_response\" value=\"\" \/>\n<\/div>\n<div class=\"mk-contact-form-wrapper mk-shortcode contact-dark outline-style\">\n<div class=\"mk-contact-form\">\n<div class=\"mk-form-row thirds\">\n        <span class=\"wpcf7-form-control-wrap your-name\"><input type=\"text\" name=\"your-name\" value=\"\" size=\"40\" class=\"wpcf7-form-control wpcf7-text wpcf7-validates-as-required text-input\" aria-required=\"true\" aria-invalid=\"false\" placeholder=\"Jm\u00e9no\" \/><\/span><span class=\"wpcf7-form-control-wrap your-email\"><input type=\"email\" name=\"your-email\" value=\"\" size=\"40\" class=\"wpcf7-form-control wpcf7-text wpcf7-email wpcf7-validates-as-required wpcf7-validates-as-email text-input\" aria-required=\"true\" aria-invalid=\"false\" placeholder=\"Email\" \/><\/span><span class=\"wpcf7-form-control-wrap subject\"><input type=\"text\" name=\"subject\" value=\"\" size=\"40\" class=\"wpcf7-form-control wpcf7-text text-input\" aria-invalid=\"false\" placeholder=\"P\u0159edm\u011bt\" \/><\/span>\n    <\/div>\n<div class=\"mk-form-row\">\n        <span class=\"wpcf7-form-control-wrap your-message\"><textarea name=\"your-message\" cols=\"40\" rows=\"4\" class=\"wpcf7-form-control wpcf7-textarea mk-textarea\" aria-invalid=\"false\" placeholder=\"Zpr\u00e1va\"><\/textarea><\/span>\n    <\/div>\n<div class=\"mk-form-row\">\n        <input type=\"submit\" value=\"Odeslat\" class=\"wpcf7-form-control wpcf7-submit contact-outline-submit outline-btn-dark\" \/>\n    <\/div>\n<\/div>\n<\/div>\n<div class=\"wpcf7-response-output\" aria-hidden=\"true\"><\/div><\/form><\/div>\n[\/vc_column_text][\/vc_column][\/vc_row]\n","protected":false},"excerpt":{"rendered":"<p>[vc_row fullwidth=&#8221;true&#8221; attached=&#8221;false&#8221; padding=&#8221;0&#8243;][vc_column border_color=&#8221;&#8221; visibility=&#8221;&#8221; width=&#8221;1\/1&#8243;][mk_page_title_box page_title=&#8221;Stre\u010dink&#8221; section_height=&#8221;400&#8243; bg_type=&#8221;image&#8221; bg_position=&#8221;center top&#8221; bg_stretch=&#8221;true&#8221; attachment=&#8221;scroll&#8221; text_align=&#8221;center&#8221; font_size=&#8221;50&#8243; title_letter_spacing=&#8221;3&#8243; font_color=&#8221;#dddddd&#8221; font_weight=&#8221;inherit&#8221; underline=&#8221;true&#8221; padding=&#8221;20&#8243; sub_font_size=&#8221;30&#8243; sub_font_weight=&#8221;inherit&#8221; overlay=&#8221;rgba(10,10,10,0.25)&#8221;][mk_divider style=&#8221;thin_solid&#8221; divider_width=&#8221;full_width&#8221; custom_width=&#8221;10&#8243; align=&#8221;center&#8221; border_color=&#8221;#bf8f38&#8243; thickness=&#8221;1&#8243; margin_top=&#8221;20&#8243; margin_bottom=&#8221;20&#8243;][\/vc_column][\/vc_row][vc_row fullwidth=&#8221;false&#8221; attached=&#8221;false&#8221; padding=&#8221;0&#8243; visibility=&#8221;&#8221; animation=&#8221;&#8221;][vc_column border_color=&#8221;&#8221; visibility=&#8221;&#8221; width=&#8221;1\/1&#8243;][mk_fancy_title tag_name=&#8221;h2&#8243; style=&#8221;false&#8221; color=&#8221;#393836&#8243; size=&#8221;28&#8243; font_weight=&#8221;inherit&#8221; font_style=&#8221;inhert&#8221; letter_spacing=&#8221;0&#8243; margin_top=&#8221;0&#8243; margin_bottom=&#8221;18&#8243; font_family=&#8221;none&#8221; align=&#8221;center&#8221;] Rozvrh [\/mk_fancy_title][vc_column_text disable_pattern=&#8221;true&#8221; align=&#8221;left&#8221; [&hellip;]<\/p>\n","protected":false},"author":1,"featured_media":0,"parent":0,"menu_order":0,"comment_status":"closed","ping_status":"closed","template":"","meta":[],"_links":{"self":[{"href":"https:\/\/studiobaila.cz\/cs\/wp-json\/wp\/v2\/pages\/1749"}],"collection":[{"href":"https:\/\/studiobaila.cz\/cs\/wp-json\/wp\/v2\/pages"}],"about":[{"href":"https:\/\/studiobaila.cz\/cs\/wp-json\/wp\/v2\/types\/page"}],"author":[{"embeddable":true,"href":"https:\/\/studiobaila.cz\/cs\/wp-json\/wp\/v2\/users\/1"}],"replies":[{"embeddable":true,"href":"https:\/\/studiobaila.cz\/cs\/wp-json\/wp\/v2\/comments?post=1749"}],"version-history":[{"count":0,"href":"https:\/\/studiobaila.cz\/cs\/wp-json\/wp\/v2\/pages\/1749\/revisions"}],"wp:attachment":[{"href":"https:\/\/studiobaila.cz\/cs\/wp-json\/wp\/v2\/media?parent=1749"}],"curies":[{"name":"wp","href":"https:\/\/api.w.org\/{rel}","templated":true}]}}