{"id":1012,"date":"2015-11-26T01:39:20","date_gmt":"2015-11-25T22:39:20","guid":{"rendered":"http:\/\/studiobaila.cz\/?page_id=1012"},"modified":"2016-06-15T01:10:18","modified_gmt":"2016-06-14T22:10:18","slug":"tango-plastic","status":"publish","type":"page","link":"https:\/\/studiobaila.cz\/cs\/tango-plastic\/","title":{"rendered":"Tango Plastic"},"content":{"rendered":"[vc_row fullwidth=&#8221;true&#8221; attached=&#8221;false&#8221; padding=&#8221;0&#8243; visibility=&#8221;&#8221; animation=&#8221;&#8221;][vc_column border_color=&#8221;&#8221; visibility=&#8221;&#8221; width=&#8221;1\/1&#8243; css=&#8221;.vc_custom_1444481015737{margin-bottom: 50px !important;}&#8221;][mk_page_title_box page_title=&#8221;Tango Plastic&#8221; section_height=&#8221;400&#8243; bg_type=&#8221;image&#8221; bg_image=&#8221;https:\/\/studiobaila.cz\/wp-content\/uploads\/2015\/11\/tango_1.jpg&#8221; bg_position=&#8221;center top&#8221; bg_stretch=&#8221;true&#8221; overlay=&#8221;rgba(10,10,10,0.25)&#8221; bg_effects=&#8221;gradient&#8221; attachment=&#8221;scroll&#8221; text_align=&#8221;center&#8221; font_size=&#8221;50&#8243; title_letter_spacing=&#8221;3&#8243; font_color=&#8221;#ffffff&#8221; font_weight=&#8221;inherit&#8221; underline=&#8221;true&#8221; padding=&#8221;20&#8243; sub_font_size=&#8221;30&#8243; sub_font_color=&#8221;#ffffff&#8221; sub_font_weight=&#8221;inherit&#8221; page_subtitle=&#8221;Tango &#8211; pocit vyj\u00e1d\u0159en\u00fd v tanci&#8221;][mk_divider style=&#8221;thin_solid&#8221; divider_width=&#8221;full_width&#8221; custom_width=&#8221;10&#8243; align=&#8221;center&#8221; border_color=&#8221;#bf8f38&#8243; thickness=&#8221;1&#8243; margin_top=&#8221;0&#8243; margin_bottom=&#8221;0&#8243; el_class=&#8221;&#8221;][\/vc_column][\/vc_row][vc_row fullwidth=&#8221;false&#8221; attached=&#8221;false&#8221; padding=&#8221;0&#8243; visibility=&#8221;&#8221; animation=&#8221;&#8221;][vc_column border_color=&#8221;&#8221; visibility=&#8221;&#8221; width=&#8221;1\/1&#8243; css=&#8221;.vc_custom_1444500986665{padding-top: 50px !important;padding-bottom: 50px !important;}&#8221;][mk_fancy_title tag_name=&#8221;h2&#8243; style=&#8221;false&#8221; color=&#8221;#393836&#8243; size=&#8221;28&#8243; font_weight=&#8221;inherit&#8221; font_style=&#8221;inhert&#8221; letter_spacing=&#8221;0&#8243; margin_top=&#8221;0&#8243; margin_bottom=&#8221;18&#8243; font_family=&#8221;none&#8221; align=&#8221;left&#8221;]\n<p>O tanci<\/p>\n[\/mk_fancy_title][vc_row_inner attached=&#8221;false&#8221; padding=&#8221;0&#8243; visibility=&#8221;&#8221;][vc_column_inner width=&#8221;1\/1&#8243;][vc_column_text disable_pattern=&#8221;true&#8221; align=&#8221;left&#8221; margin_bottom=&#8221;0&#8243;]\n<p>Zveme v\u00e1s na speci\u00e1ln\u00ed kurz tanga s\u00f3lo! Na kurzu se nau\u010d\u00edte choreografii tango s\u00f3lov\u00e9 verze, se sezn\u00e1m\u00ed se z\u00e1klady hlavn\u00edho Argentinsk\u00e9 tango tane\u010dn\u00ed &#8220;v\u00fdzdobou&#8221; a velmi mimo\u0159\u00e1dn\u00e9 plasticity a milost tanga! Krom\u011b z\u00edsk\u00e1v\u00e1n\u00ed plast\u016f a rozv\u00edjet koordinaci, u\u010den\u00ed choreografie tango s\u00f3lo, m\u016f\u017eete snadno nau\u010dit a za\u010d\u00edt tancovat Argentinsk\u00e9 tango v p\u00e1ru. V\u00fduka bude prob\u00edhat v r\u00e1mci tango Nuevo. Tango okouzlil miliony srdc\u00ed, b\u00fdt odv\u00e1\u017en\u00fd a nepop\u00edr\u00e1m sami nejlep\u0161\u00ed!<\/p>\n[\/vc_column_text][\/vc_column_inner][\/vc_row_inner][\/vc_column][\/vc_row][vc_row fullwidth=&#8221;true&#8221; attached=&#8221;false&#8221; padding=&#8221;0&#8243; visibility=&#8221;&#8221; animation=&#8221;&#8221;][vc_column border_color=&#8221;&#8221; visibility=&#8221;&#8221; width=&#8221;1\/1&#8243; css=&#8221;.vc_custom_1444501130865{margin-top: 50px !important;margin-bottom: 50px !important;border-top-width: 1px !important;border-bottom-width: 1px !important;border-top-color: #bf8f38 !important;border-top-style: solid !important;border-bottom-color: #bf8f38 !important;border-bottom-style: solid !important;}&#8221;][mk_gallery images=&#8221;1017,1018,1019,1022,1023&#8243; style=&#8221;grid&#8221; column=&#8221;5&#8243; image_size=&#8221;crop&#8221; height=&#8221;250&#8243; hover_scenarios=&#8221;fadebox&#8221; item_spacing=&#8221;0&#8243; margin_bottom=&#8221;0&#8243; frame_style=&#8221;simple&#8221; disable_title=&#8221;false&#8221; image_quality=&#8221;3&#8243; pagination=&#8221;false&#8221; count=&#8221;10&#8243; pagination_style=&#8221;1&#8243; order=&#8221;ASC&#8221; orderby=&#8221;date&#8221; item_id=&#8221;1444481079-5619083769926&#8243;][\/vc_column][\/vc_row][vc_row fullwidth=&#8221;false&#8221; attached=&#8221;false&#8221; padding=&#8221;0&#8243; visibility=&#8221;&#8221; animation=&#8221;&#8221;][vc_column border_color=&#8221;&#8221; visibility=&#8221;&#8221; width=&#8221;1\/1&#8243; css=&#8221;.vc_custom_1444488553577{padding-top: 50px !important;padding-bottom: 50px !important;}&#8221;][mk_fancy_title tag_name=&#8221;h2&#8243; style=&#8221;false&#8221; color=&#8221;#393836&#8243; size=&#8221;28&#8243; font_weight=&#8221;inherit&#8221; font_style=&#8221;inhert&#8221; letter_spacing=&#8221;0&#8243; margin_top=&#8221;0&#8243; margin_bottom=&#8221;18&#8243; font_family=&#8221;none&#8221; align=&#8221;center&#8221;]\n<p>Rozvrh<\/p>\n[\/mk_fancy_title][vc_column_text disable_pattern=&#8221;true&#8221; align=&#8221;left&#8221; margin_bottom=&#8221;0&#8243;]\n<p style=\"text-align: center;\"><ul class=\"timetable_clearfix tabs_box_navigation tt_responsive sf-timetable-menu\">\n\t\t\t<li class=\"tabs_box_navigation_selected\"><label>All Events<\/label><span class=\"tabs_box_navigation_icon\"><\/span><ul class=\"sub-menu\"><li><a href=\"#all-events\" title=\"All Events\">All Events<\/a><\/li><li><a href=\"#tango\" title=\"Tango\">Tango<\/a><\/li><\/ul><\/li>\n\t\t<\/ul><style type=\"text\/css\">.sf-timetable-menu {display:none}.tt_tabs .tt_timetable .event{background: #4a185e;} .tt_tabs_navigation li a:hover, .tt_tabs_navigation li a.selected, .tt_tabs_navigation li.ui-tabs-active a{border-color:#4a185e !important;}.tabs_box_navigation.sf-timetable-menu .tabs_box_navigation_selected{background-color:#4a185e;border-color:#4a185e;}.tabs_box_navigation.sf-timetable-menu .tabs_box_navigation_selected:hover{background-color: #FFF; border: 1px solid rgba(0, 0, 0, 0.1);}.sf-timetable-menu li ul li a:hover, .sf-timetable-menu li ul li.selected a:hover{background-color:#4a185e;}<\/style><div class=\"timetable_clearfix tt_tabs tt_responsive event_layout_1\">\n\t\t<ul class=\"timetable_clearfix tt_tabs_navigation\" style=\"display: none;\"><li><a href=\"#all-events\" title=\"All Events\">All Events<\/a><\/li><li><a href=\"#tango\" title=\"Tango\">Tango<\/a><\/li><\/ul><div id=\"all-events\"><table class=\"tt_timetable\">\n\t\t\t\t<thead>\n\t\t\t\t\t<tr class=\"row_gray\" style=\"background-color: #F0F0F0 !important;\"><th><\/th>\t<th>Pond\u011bl\u00ed<\/th>\t<th>\u00dater\u00fd<\/th>\t<th>St\u0159eda<\/th>\t<th>\u010ctvrtek<\/th>\t<th>P\u00e1tek<\/th>\t<\/tr>\n\t\t\t\t<\/thead>\n\t\t\t\t<tbody><\/tbody>\n\t\t\t<\/table><div class=\"tt_timetable small\"><\/div><\/div><div id=\"tango\" class=\"tt-ui-tabs-hide\"><table class=\"tt_timetable\">\n\t\t\t\t<thead>\n\t\t\t\t\t<tr class=\"row_gray\" style=\"background-color: #F0F0F0 !important;\"><th><\/th>\t<th>Pond\u011bl\u00ed<\/th>\t<th>\u00dater\u00fd<\/th>\t<th>St\u0159eda<\/th>\t<th>\u010ctvrtek<\/th>\t<th>P\u00e1tek<\/th>\t<\/tr>\n\t\t\t\t<\/thead>\n\t\t\t\t<tbody><\/tbody>\n\t\t\t<\/table><div class=\"tt_timetable small\"><\/div><\/div><\/div>\n[\/vc_column_text][\/vc_column][\/vc_row][vc_row fullwidth=&#8221;false&#8221; attached=&#8221;false&#8221; padding=&#8221;0&#8243; visibility=&#8221;&#8221; animation=&#8221;&#8221;][vc_column border_color=&#8221;&#8221; visibility=&#8221;&#8221; width=&#8221;1\/2&#8243; css=&#8221;.vc_custom_1444502367710{padding-top: 50px !important;padding-bottom: 50px !important;}&#8221;][mk_fancy_title tag_name=&#8221;h2&#8243; style=&#8221;false&#8221; color=&#8221;#393836&#8243; size=&#8221;28&#8243; font_weight=&#8221;inherit&#8221; font_style=&#8221;inhert&#8221; letter_spacing=&#8221;0&#8243; margin_top=&#8221;0&#8243; margin_bottom=&#8221;18&#8243; font_family=&#8221;none&#8221; align=&#8221;left&#8221;]\n<p>Zanechat vzkaz<\/p>\n[\/mk_fancy_title][vc_column_text disable_pattern=&#8221;true&#8221; align=&#8221;left&#8221; margin_bottom=&#8221;0&#8243;]\n<p>Chcete za\u010d\u00edt tancovat? Je to snadn\u00e9! Zavolejte n\u00e1m na:<\/p>\n[\/vc_column_text][mk_fancy_title tag_name=&#8221;h3&#8243; style=&#8221;false&#8221; color=&#8221;#393836&#8243; size=&#8221;26&#8243; font_weight=&#8221;inherit&#8221; font_style=&#8221;inhert&#8221; txt_transform=&#8221;&#8221; letter_spacing=&#8221;0&#8243; margin_top=&#8221;0&#8243; margin_bottom=&#8221;18&#8243; font_family=&#8221;none&#8221; font_type=&#8221;&#8221; align=&#8221;center&#8221; animation=&#8221;&#8221; el_class=&#8221;&#8221;]\n<p>+420 773 135 573<\/p>\n[\/mk_fancy_title][vc_column_text disable_pattern=&#8221;true&#8221; align=&#8221;left&#8221; margin_bottom=&#8221;0&#8243;]Nebo pou\u017eijte kontaktn\u00ed formul\u00e1\u0159 na prav\u00e9 stran\u011b.<br \/>\n\u010cek\u00e1me na v\u00e1s v na\u0161em studiu![\/vc_column_text][\/vc_column][vc_column border_color=&#8221;&#8221; visibility=&#8221;&#8221; width=&#8221;1\/2&#8243; css=&#8221;.vc_custom_1444502372182{padding-top: 50px !important;padding-bottom: 50px !important;}&#8221;][vc_column_text disable_pattern=&#8221;true&#8221; align=&#8221;left&#8221; margin_bottom=&#8221;0&#8243;]\n<div role=\"form\" class=\"wpcf7\" id=\"wpcf7-f991-o1\" lang=\"cs-CZ\" dir=\"ltr\">\n<div class=\"screen-reader-response\"><p role=\"status\" aria-live=\"polite\" aria-atomic=\"true\"><\/p> <ul><\/ul><\/div>\n<form action=\"\/cs\/wp-json\/wp\/v2\/pages\/1012#wpcf7-f991-o1\" method=\"post\" class=\"wpcf7-form init\" novalidate=\"novalidate\" data-status=\"init\">\n<div style=\"display: none;\">\n<input type=\"hidden\" name=\"_wpcf7\" value=\"991\" \/>\n<input type=\"hidden\" name=\"_wpcf7_version\" value=\"5.3\" \/>\n<input type=\"hidden\" name=\"_wpcf7_locale\" value=\"cs_CZ\" \/>\n<input type=\"hidden\" name=\"_wpcf7_unit_tag\" value=\"wpcf7-f991-o1\" \/>\n<input type=\"hidden\" name=\"_wpcf7_container_post\" value=\"0\" \/>\n<input type=\"hidden\" name=\"_wpcf7_posted_data_hash\" value=\"\" \/>\n<input type=\"hidden\" name=\"_wpcf7_recaptcha_response\" value=\"\" \/>\n<\/div>\n<div class=\"mk-contact-form-wrapper mk-shortcode contact-dark outline-style\">\n<div class=\"mk-contact-form\">\n<div class=\"mk-form-row thirds\">\n        <span class=\"wpcf7-form-control-wrap your-name\"><input type=\"text\" name=\"your-name\" value=\"\" size=\"40\" class=\"wpcf7-form-control wpcf7-text wpcf7-validates-as-required text-input\" aria-required=\"true\" aria-invalid=\"false\" placeholder=\"Jm\u00e9no\" \/><\/span><span class=\"wpcf7-form-control-wrap your-email\"><input type=\"email\" name=\"your-email\" value=\"\" size=\"40\" class=\"wpcf7-form-control wpcf7-text wpcf7-email wpcf7-validates-as-required wpcf7-validates-as-email text-input\" aria-required=\"true\" aria-invalid=\"false\" placeholder=\"Email\" \/><\/span><span class=\"wpcf7-form-control-wrap subject\"><input type=\"text\" name=\"subject\" value=\"\" size=\"40\" class=\"wpcf7-form-control wpcf7-text text-input\" aria-invalid=\"false\" placeholder=\"P\u0159edm\u011bt\" \/><\/span>\n    <\/div>\n<div class=\"mk-form-row\">\n        <span class=\"wpcf7-form-control-wrap your-message\"><textarea name=\"your-message\" cols=\"40\" rows=\"4\" class=\"wpcf7-form-control wpcf7-textarea mk-textarea\" aria-invalid=\"false\" placeholder=\"Zpr\u00e1va\"><\/textarea><\/span>\n    <\/div>\n<div class=\"mk-form-row\">\n        <input type=\"submit\" value=\"Odeslat\" class=\"wpcf7-form-control wpcf7-submit contact-outline-submit outline-btn-dark\" \/>\n    <\/div>\n<\/div>\n<\/div>\n<div class=\"wpcf7-response-output\" aria-hidden=\"true\"><\/div><\/form><\/div>\n[\/vc_column_text][\/vc_column][\/vc_row]\n","protected":false},"excerpt":{"rendered":"<p>[vc_row fullwidth=&#8221;true&#8221; attached=&#8221;false&#8221; padding=&#8221;0&#8243; visibility=&#8221;&#8221; animation=&#8221;&#8221;][vc_column border_color=&#8221;&#8221; visibility=&#8221;&#8221; width=&#8221;1\/1&#8243; css=&#8221;.vc_custom_1444481015737{margin-bottom: 50px !important;}&#8221;][mk_page_title_box page_title=&#8221;Tango Plastic&#8221; section_height=&#8221;400&#8243; bg_type=&#8221;image&#8221; bg_image=&#8221;https:\/\/studiobaila.cz\/wp-content\/uploads\/2015\/11\/tango_1.jpg&#8221; bg_position=&#8221;center top&#8221; bg_stretch=&#8221;true&#8221; overlay=&#8221;rgba(10,10,10,0.25)&#8221; bg_effects=&#8221;gradient&#8221; attachment=&#8221;scroll&#8221; text_align=&#8221;center&#8221; font_size=&#8221;50&#8243; title_letter_spacing=&#8221;3&#8243; font_color=&#8221;#ffffff&#8221; font_weight=&#8221;inherit&#8221; underline=&#8221;true&#8221; padding=&#8221;20&#8243; sub_font_size=&#8221;30&#8243; sub_font_color=&#8221;#ffffff&#8221; sub_font_weight=&#8221;inherit&#8221; page_subtitle=&#8221;Tango &#8211; pocit vyj\u00e1d\u0159en\u00fd v tanci&#8221;][mk_divider style=&#8221;thin_solid&#8221; divider_width=&#8221;full_width&#8221; custom_width=&#8221;10&#8243; align=&#8221;center&#8221; border_color=&#8221;#bf8f38&#8243; thickness=&#8221;1&#8243; margin_top=&#8221;0&#8243; margin_bottom=&#8221;0&#8243; el_class=&#8221;&#8221;][\/vc_column][\/vc_row][vc_row fullwidth=&#8221;false&#8221; attached=&#8221;false&#8221; padding=&#8221;0&#8243; visibility=&#8221;&#8221; animation=&#8221;&#8221;][vc_column border_color=&#8221;&#8221; visibility=&#8221;&#8221; [&hellip;]<\/p>\n","protected":false},"author":1,"featured_media":0,"parent":0,"menu_order":0,"comment_status":"closed","ping_status":"closed","template":"","meta":[],"_links":{"self":[{"href":"https:\/\/studiobaila.cz\/cs\/wp-json\/wp\/v2\/pages\/1012"}],"collection":[{"href":"https:\/\/studiobaila.cz\/cs\/wp-json\/wp\/v2\/pages"}],"about":[{"href":"https:\/\/studiobaila.cz\/cs\/wp-json\/wp\/v2\/types\/page"}],"author":[{"embeddable":true,"href":"https:\/\/studiobaila.cz\/cs\/wp-json\/wp\/v2\/users\/1"}],"replies":[{"embeddable":true,"href":"https:\/\/studiobaila.cz\/cs\/wp-json\/wp\/v2\/comments?post=1012"}],"version-history":[{"count":0,"href":"https:\/\/studiobaila.cz\/cs\/wp-json\/wp\/v2\/pages\/1012\/revisions"}],"wp:attachment":[{"href":"https:\/\/studiobaila.cz\/cs\/wp-json\/wp\/v2\/media?parent=1012"}],"curies":[{"name":"wp","href":"https:\/\/api.w.org\/{rel}","templated":true}]}}